{"id":1574,"date":"2020-04-20T00:30:08","date_gmt":"2020-04-19T22:30:08","guid":{"rendered":"http:\/\/www.bascaran.com\/photo\/?page_id=1574"},"modified":"2025-06-11T11:09:42","modified_gmt":"2025-06-11T09:09:42","slug":"curriculum","status":"publish","type":"page","link":"https:\/\/www.bascaran.com\/photo\/curriculum\/","title":{"rendered":"Curr\u00edculum"},"content":{"rendered":"\t\t<div data-elementor-type=\"wp-page\" data-elementor-id=\"1574\" class=\"elementor elementor-1574\">\n\t\t\t\t\t\t<section class=\"elementor-section elementor-top-section elementor-element elementor-element-d319e50 elementor-section-boxed elementor-section-height-default elementor-section-height-default\" data-id=\"d319e50\" data-element_type=\"section\">\n\t\t\t\t\t\t<div class=\"elementor-container elementor-column-gap-default\">\n\t\t\t\t\t<div class=\"elementor-column elementor-col-100 elementor-top-column elementor-element elementor-element-1893707\" data-id=\"1893707\" data-element_type=\"column\">\n\t\t\t<div class=\"elementor-widget-wrap elementor-element-populated\">\n\t\t\t\t\t\t<div class=\"elementor-element elementor-element-f3716f3 elementor-widget elementor-widget-spacer\" data-id=\"f3716f3\" data-element_type=\"widget\" data-widget_type=\"spacer.default\">\n\t\t\t\t<div class=\"elementor-widget-container\">\n\t\t\t\t\t<div class=\"elementor-spacer\">\n\t\t\t<div class=\"elementor-spacer-inner\"><\/div>\n\t\t<\/div>\n\t\t\t\t<\/div>\n\t\t\t\t<\/div>\n\t\t\t\t\t<\/div>\n\t\t<\/div>\n\t\t\t\t\t<\/div>\n\t\t<\/section>\n\t\t\t\t<section class=\"elementor-section elementor-top-section elementor-element elementor-element-2335109 elementor-section-boxed elementor-section-height-default elementor-section-height-default\" data-id=\"2335109\" data-element_type=\"section\">\n\t\t\t\t\t\t<div class=\"elementor-container elementor-column-gap-default\">\n\t\t\t\t\t<div class=\"elementor-column elementor-col-100 elementor-top-column elementor-element elementor-element-856eafa\" data-id=\"856eafa\" data-element_type=\"column\">\n\t\t\t<div class=\"elementor-widget-wrap elementor-element-populated\">\n\t\t\t\t\t\t<div class=\"elementor-element elementor-element-cfc546d elementor-widget elementor-widget-image\" data-id=\"cfc546d\" data-element_type=\"widget\" data-widget_type=\"image.default\">\n\t\t\t\t<div class=\"elementor-widget-container\">\n\t\t\t\t\t\t\t\t\t\t\t\t\t<img fetchpriority=\"high\" decoding=\"async\" width=\"1600\" height=\"1067\" src=\"https:\/\/www.bascaran.com\/photo\/wp-content\/uploads\/2020\/04\/curriculum-1600x1067.jpg\" class=\"attachment-large size-large wp-image-1779\" alt=\"\" srcset=\"https:\/\/www.bascaran.com\/photo\/wp-content\/uploads\/2020\/04\/curriculum.jpg 1600w, https:\/\/www.bascaran.com\/photo\/wp-content\/uploads\/2020\/04\/curriculum-600x400.jpg 600w, https:\/\/www.bascaran.com\/photo\/wp-content\/uploads\/2020\/04\/curriculum-300x200.jpg 300w, https:\/\/www.bascaran.com\/photo\/wp-content\/uploads\/2020\/04\/curriculum-768x512.jpg 768w, https:\/\/www.bascaran.com\/photo\/wp-content\/uploads\/2020\/04\/curriculum-1536x1024.jpg 1536w\" sizes=\"(max-width: 1600px) 100vw, 1600px\" \/>\t\t\t\t\t\t\t\t\t\t\t\t\t<\/div>\n\t\t\t\t<\/div>\n\t\t\t\t\t<\/div>\n\t\t<\/div>\n\t\t\t\t\t<\/div>\n\t\t<\/section>\n\t\t\t\t<section class=\"elementor-section elementor-top-section elementor-element elementor-element-6eb5c763 elementor-section-boxed elementor-section-height-default elementor-section-height-default\" data-id=\"6eb5c763\" data-element_type=\"section\">\n\t\t\t\t\t\t<div class=\"elementor-container elementor-column-gap-default\">\n\t\t\t\t\t<div class=\"elementor-column elementor-col-100 elementor-top-column elementor-element elementor-element-3755cab3\" data-id=\"3755cab3\" data-element_type=\"column\">\n\t\t\t<div class=\"elementor-widget-wrap elementor-element-populated\">\n\t\t\t\t\t\t<div class=\"elementor-element elementor-element-5a046252 elementor-widget elementor-widget-text-editor\" data-id=\"5a046252\" data-element_type=\"widget\" data-widget_type=\"text-editor.default\">\n\t\t\t\t<div class=\"elementor-widget-container\">\n\t\t\t\t\t\t\t<!-- wp:paragraph -->\n<p><strong>Licenciado en Bellas Artes por la Universidad Polit\u00e9cnica de Valencia, Facultad San Carlos. Especialidad en Escultura contempor\u00e1nea.<\/strong><\/p>\n<!-- \/wp:paragraph --><!-- wp:paragraph -->\n<p><strong>Master oficial en Producci\u00f3n Art\u00edstica.\u00a0<em>El pensamiento contempor\u00e1neo y cultura visual<\/em>.<\/strong><\/p>\n<p>\u00a0<\/p>\n<!-- \/wp:paragraph --><!-- wp:paragraph -->\n<p>En la universidad dediqu\u00e9 una parte de mi formaci\u00f3n a los lenguajes que tuvieran que ver con lo escenogr\u00e1fico, especializandome en escenograf\u00eda, performance y teatro contempor\u00e1neo. La otra parte de mi formaci\u00f3n la dediqu\u00e9 a la fotograf\u00eda, direcci\u00f3n de fotograf\u00eda, cine, audiovisuales, videoarte, narraci\u00f3n, instalaciones y otras asignaturas de software y nuevas tecnolog\u00edas.<\/p>\n<p>\u00a0<\/p>\n<!-- \/wp:paragraph --><!-- wp:list -->\n<ul>\n<li><strong>Escenograf\u00eda. ( Martina Botella )<\/strong><\/li>\n<li><strong>Nuevos espacios escenogr\u00e1ficos. ( Miguel \u00c1ngel R\u00edos )<\/strong><\/li>\n<li><strong>Videodanza. ( Bartolom\u00e9 Ferrando )<\/strong><\/li>\n<li><strong>Escultura y medios audiovisuales I. ( Vicente Ortiz )<\/strong><\/li>\n<li><strong>Escultura y medios audiovisuales II. ( Miguel Molina )<\/strong><\/li>\n<li><strong>Apropiaci\u00f3n de t\u00e9cnicas interdisciplinares I. ( Gema Hoyas )<\/strong><\/li>\n<li><strong>Instalaciones. ( Ram\u00f3n de Soto )<\/strong><\/li>\n<li><strong>Narraci\u00f3n Figurativa II. ( Fernando Canet y Beatriz Herr\u00e1inz )<\/strong><\/li>\n<li><strong>Cine Moderno y transformaciones de la imagen. ( Vicente Ponce )<\/strong><\/li>\n<li><strong>Cr\u00edtica cinematogr\u00e1fica. ( Vicente Ponce )<\/strong><\/li>\n<li><strong>Direcci\u00f3n de fotograf\u00eda. ( Raul Dur\u00e1 )<\/strong><\/li>\n<li><strong>Fotograf\u00eda digital. ( Francesc Vera y Josep Benlloch )<\/strong><\/li>\n<li><strong>Fotograf\u00eda industrial y publicitaria. ( Ana Teresa Ortega )<\/strong><\/li>\n<li><strong>Imagen digitalizada. ( Rub\u00e9n Tortosa )<\/strong><\/li>\n<li><strong>Universo digital. ( Nuria Lloret )<\/strong><\/li>\n<li><strong>Interfaces. ( Carlos Barrag\u00e1n y Francisco Jos\u00e9 Berenguer )<\/strong><\/li>\n<li><strong>Proyectos de dise\u00f1o I. Modelado 3D y animaci\u00f3n. ( Antonio Teruel )<\/strong><\/li>\n<li><strong>Proyectos de Escultura I. ( Pepe Romero )<\/strong><\/li>\n<li><strong>Proyectos de Escultura II. ( Natividad Naval\u00f3n )<\/strong><\/li>\n<li><strong>A pincelada limpia. ( Willy Ramos )<\/strong><\/li>\n<li><strong>Paisaje. ( Juan Martorell )<\/strong><\/li>\n<li><strong>Introducci\u00f3n a la conservaci\u00f3n y restauraci\u00f3n de pinturas. Pintura mural, tabla y caballete. ( \u00c1ngela Arrabal,&#8230;)<\/strong><\/li>\n<\/ul>\n<!-- \/wp:list --><!-- wp:paragraph -->\n<p>\u00a0<\/p>\n<p><strong>Seminarios , conferencias y talleres:<\/strong><\/p>\n<!-- \/wp:paragraph --><!-- wp:list -->\n<ul>\n<li>Jornadas t\u00e9cnicas Canon y Profoto. Innovahaus. Ponencia de Paco Farero, uso y manejo de lentes. Abril 2018.<\/li>\n<li>Taller de fotograf\u00eda de moda con Eduardo Peris (Sus trabajos han sido publicados en revistas como: VOGUE, GLAMOUR, EL MUNDO, NUEVO ESTILO, MARIE CLAIRE)<\/li>\n<li>Congreso Ur-versitat. Lecturas rec\u00edprocas y alternativas de la modernidad. Edificio Nexus, Universidad Polit\u00e9cnica de Valencia. Febrero de 2012.<\/li>\n<li>III Congreso internacional Arte y entorno. Latitud norte: \u00c9tica y est\u00e9tica del habitar. Cubo Rojo, Centro innovaci\u00f3n, Universidad Polit\u00e9cnica de Valencia. Noviembre de 2011.<\/li>\n<li>Taller de teatro. Impartido por Vicente Arlandis y Sandra G\u00f3mez. Facultad San Carlos, UPV. Febrero 2010.<\/li>\n<li>Charlas y conferencias del teatro de Los Manantiales.<br \/>Torreznos, C\u00edclido Amarillo. Valencia 2009 &#8211; 2010<\/li>\n<li>Seminario \u201cLa voz en la mirada\u201d 3\u00ba seminario de di\u00e1logos con el arte. Dirigido por David P\u00e9rez Rodrigo. Diciembre de 2008.\u00a0Certificado por el departamento de pintura de la facultad de Bellas Artes San Carlos de Valencia. Carles Santos conversa con Josep Ruvira y Francesc Torres con Antonio Monegal.<\/li>\n<li>Conferencias \u201cLa arquitectura y de Chirico\u201d. Febrero de 2008<\/li>\n<li>Jornadas \u201cDel carb\u00f3n al p\u00edxel\u201d MUVIM \/ Dpto. Dibujo de la facultad de Bellas Artes U.P.V. (Valencia) 2008<\/li>\n<li>Seminario \u201cLa voz en la mirada\u201d 2\u00ba seminario de di\u00e1logos con el arte. Dirigido por David P\u00e9rez Rodrigo. Noviembre de 2007.\u00a0Certificado por el departamento de pintura de la facultad de Bellas Artes San Carlos de Valencia. Impartido por los artistas Esther Ferrer, Juan Idalgo e Isidoro Varc\u00e1rcel Medina en conversaci\u00f3n con Xos\u00e9 Manuel Bux\u00e1n Bran, Juan de Nieves y Rosa Olivares.<\/li>\n<\/ul>\n<!-- \/wp:list --><!-- wp:paragraph -->\n<p>\u00a0<\/p>\n<p><strong>Experiencia con c\u00e1maras:<\/strong><\/p>\n<!-- \/wp:paragraph --><!-- wp:list -->\n<ul>\n<li>Canon Mirrorless R6 Mark II<\/li>\n<li>Canon EOS 5D Mark II fotograf\u00eda digital<\/li>\n<li>Canon EOS 6D fotograf\u00eda digital<\/li>\n<li>Nikon D800 fotograf\u00eda digital<\/li>\n<li>Sinar f2 c\u00e1mara de placas gran formato<\/li>\n<li>Canon XH A1 Videoc\u00e1mara HDV<\/li>\n<li>Canon XL1 Videoc\u00e1mara HDV<\/li>\n<li>Sony HDR-V1E Videoc\u00e1mara HDV 3CMOS<\/li>\n<\/ul>\n<!-- \/wp:list --><!-- wp:paragraph -->\n<p>\u00a0<\/p>\n<p><strong>Experiencia con programas inform\u00e1ticos:<\/strong><\/p>\n<!-- \/wp:paragraph --><!-- wp:list -->\n<ul>\n<li>Adobe Photoshop<\/li>\n<li>Adobe Lightroom<\/li>\n<li>Capture One<\/li>\n<li>Adobe Illustrator\u00a0<\/li>\n<li>Adobe Indesign<\/li>\n<li>Corel\u00a0<\/li>\n<li>Macromedia Freehand\u00a0<\/li>\n<li>Flash<\/li>\n<li>Dreamweaver<\/li>\n<li>3D Studio Max<\/li>\n<li>Adobe Premiere<\/li>\n<li>Adobe After Effects<\/li>\n<li>Sound Forge<\/li>\n<\/ul>\n<!-- \/wp:list --><!-- wp:paragraph -->\n<p>\u00a0<\/p>\n<p><strong>Publicaciones:<\/strong><\/p>\n<!-- \/wp:paragraph --><!-- wp:list -->\n<ul>\n<li>Cat\u00e1logo Estiu art 2007<\/li>\n<li>Cat\u00e1logo Ana Prada &#8211; SALA PARPALL\u00d3 2009<\/li>\n<li>Cat\u00e1logo Festival de Arte, En Blanco. Concejal\u00eda de Cultura Bu\u00f1ol, 2010<\/li>\n<li>DVD &#8211; Video\u00edntimo Videointimidaci\u00f3n. Dep. Escultura BBAA 2009<\/li>\n<li>DVD &#8211; Orla: ya es lo hora. Dep. Escultura BBAA 2010<\/li>\n<li>DVD &#8211; Urbanalizaci\u00f3n. Dep. Escultura BBAA 2010<\/li>\n<li>DVD &#8211; El ciclo de la Nutr\u00edcula. Edici\u00f3n privada. 2010<\/li>\n<li>DVD &#8211; El vuelo de las mariposas. Edici\u00f3n privada. 2011<\/li>\n<li>DVD &#8211; Cortograf\u00edas, Dep. de Comunicaci\u00f3n Audiovisual. BBAA 2011<\/li>\n<\/ul>\n<!-- \/wp:list --><!-- wp:paragraph -->\n<p>\u00a0<\/p>\n<p><strong>Exposiciones individuales:<\/strong><\/p>\n<!-- \/wp:paragraph --><!-- wp:list -->\n<ul>\n<li>Exposici\u00f3n de pintura. C\/ Cid, n\u00ba 53. Feria y fiestas de Bu\u00f1ol 2007.<\/li>\n<li>Exposici\u00f3n audiovisual y performance. Club Luky Strike. Valencia, Junio 2009.<\/li>\n<li>Exposici\u00f3n audiovisual. \u201cAntropolog\u00eda del vac\u00edo\u201d. Sala Zirco, C\/ Joaqu\u00edn Navarro n\u00ba 11, Valencia, 11 y 12 de Junio 2009.<\/li>\n<li>Exposici\u00f3n de pintura. \u201cEl Color de mis ra\u00edces\u201d. C\/ Cid n\u00ba 42 Feria y fiestas de Bu\u00f1ol, Agosto 2009.<\/li>\n<li>Exposici\u00f3n de pintura. Plaza de Armas, Castillo de Bu\u00f1ol, 4 y 5 de Junio de 2011.<\/li>\n<li>Exposici\u00f3n de fotograf\u00eda. IV Vienal de arte de Bu\u00f1ol. Diciembre 2011.<\/li>\n<\/ul>\n<!-- \/wp:list --><!-- wp:paragraph -->\n<p>\u00a0<\/p>\n<p><strong>Exposiciones colectivas:<\/strong><\/p>\n<!-- \/wp:paragraph --><!-- wp:list -->\n<ul>\n<li>Exposici\u00f3n de escultura \u201cReinventar les Coves del Bat\u00e0\u201d Espacio cultural Coves del Bat\u00e0, Paterna. Junio 2008.<\/li>\n<li>VI Festival Veo 2009. (Valencia escena oberta) Instalaci\u00f3n permanente y performances. Huerto Urbano. Plaza\/ M\u00fasico Lopez Chavarri, Valencia. Organiza: Fundaci\u00f3n Veo, Ayuntamiento de Valencia.<\/li>\n<li>Intervenci\u00f3n p\u00fablica. CALSICOVA. D\u00eda internacional contra el SIDA 2009. \u201cGran Lazo Rojo\u201d. Intervenci\u00f3n en Valencia. Plaza de la Virgen.<\/li>\n<li>Exposici\u00f3n de Ana Prada. Montaje y producci\u00f3n de la exposici\u00f3n de la artista Ana Prada en la sala Parpall\u00f3, Diputaci\u00f3n de Valencia. Noviembre de 2009.<\/li>\n<li>VII Festival Veo 2010. (Valencia escena oberta). M\u00f3vil \u201cSimulacro\u201d, Intervenci\u00f3n p\u00fablica en el Mercado de Ruzafa. 20 de Febrero.<\/li>\n<li>Montaje esc\u00e9nico. Producci\u00f3n e intervenci\u00f3n p\u00fablica. \u201cORLA\u201d. Performance colectiva. Paraninfo de la Universidad Polit\u00e9cnica de Valencia. 10 de Junio de 2010.<\/li>\n<li>Montaje esc\u00e9nico. Producci\u00f3n y realizaci\u00f3n del montaje \u201cUrbanalizaci\u00f3n\u201d. 19 y 20 de Junio de 2010. Teatro de los Manantiales. C\/ Alzira n\u00ba 9, Valencia.<\/li>\n<li>Performance colectiva. \u00d3pera, Variaciones ZZZZZ-TI\u00d3-TI de Lidiana C\u00e1rdenas. 2 de Junio de 2011, Capella de la Nau, Valencia.Exposici\u00f3n de cortometrajes.<\/li>\n<li>Cortograf\u00edas 2011. El vuelo de las Mariposas. 22 de Junio de 2011. Sal\u00f3n de actos de Rectorado, UPV.<\/li>\n<\/ul>\n<!-- \/wp:list --><!-- wp:paragraph -->\n<p>\u00a0<\/p>\n<p><strong>Concursos:<\/strong><\/p>\n<!-- \/wp:paragraph --><!-- wp:list -->\n<ul>\n<li>II Bienal de arte de Bu\u00f1ol Acci\u00f3n multidisciplinar junto a la Banda de percusi\u00f3n Kontacte y concurso de pintura t\u00e9cnica libre, 2007.<\/li>\n<li>III Bienal de arte de Bu\u00f1ol, Concurso de pintura t\u00e9cnica libre. Exposici\u00f3n de los trabajos en C\/ Cid n\u00ba 2. Junio 2009.<\/li>\n<li>IV Bienal de arte de Bu\u00f1ol. Exposici\u00f3n de fotograf\u00eda, Molino Gal\u00e1n.<\/li>\n<li>\u201cEstiu Art\u201d Concurso de escultura 2007. \u201cLa casa abierta\u201d. Reflejada en el cat\u00e1logo Estiu Art 2007.<\/li>\n<li>Pintura r\u00e1pida Villa de Bu\u00f1ol Junio 2007.<\/li>\n<li>Pintura r\u00e1pida. Villa de Bu\u00f1ol Junio 2008.<\/li>\n<li>Pintura r\u00e1pida Villa de Bu\u00f1ol Junio 2009<\/li>\n<li>Pintura r\u00e1pida Gimenez Ganga. Sax, Alicante 2009<\/li>\n<li>Pintura r\u00e1pida Godella y su entorno. Godella, Valencia 2009<\/li>\n<li>Pintura r\u00e1pida Vallada. Vallada Alicante 2009<\/li>\n<li>Pintura r\u00e1pida Requena y su entorno. Requena, Valencia 2009<\/li>\n<li>Vivir de cine 2010, Bu\u00f1ol. Festival internacional de cortometrajes.<\/li>\n<\/ul>\n<!-- \/wp:list --><!-- wp:paragraph -->\n<p>\u00a0<\/p>\n<p><strong>Premios:<\/strong><\/p>\n<!-- \/wp:paragraph --><!-- wp:list -->\n<ul>\n<li>2\u00ba Premio cartel fiestas de Chiva 2015. \u00abAmanecer Amazulrojo\u00bb<\/li>\n<li>1\u00ba Premio Mejor corto valenciano. Vivir de cine 2010, Bu\u00f1ol. \u201cEl ciclo de la Nutricula\u201d.<\/li>\n<li>1\u00ba Premio de fotograf\u00eda. IV Vienal de arte de Bu\u00f1ol. Diciembre de 2011.<\/li>\n<li>Premio adquisici\u00f3n. Pintura r\u00e1pida Villa de Bu\u00f1ol. Junio 2009.<\/li>\n<li>Premio de escultura Estiu Art, Valencia 2007. Producci\u00f3n de la obra de Ana Esquerdo y Marigela Puigred\u00f3n. \u201cLa casa abierta\u201d.<\/li>\n<\/ul>\n<!-- \/wp:list -->\t\t\t\t\t\t<\/div>\n\t\t\t\t<\/div>\n\t\t\t\t\t<\/div>\n\t\t<\/div>\n\t\t\t\t\t<\/div>\n\t\t<\/section>\n\t\t\t\t<\/div>\n\t\t","protected":false},"excerpt":{"rendered":"<p>Licenciado en Bellas Artes por la Universidad Polit\u00e9cnica de Valencia, Facultad San Carlos. Especialidad en Escultura contempor\u00e1nea. Master oficial en Producci\u00f3n Art\u00edstica.\u00a0El pensamiento contempor\u00e1neo y&hellip; <\/p>\n","protected":false},"author":1,"featured_media":0,"parent":0,"menu_order":0,"comment_status":"closed","ping_status":"closed","template":"","meta":{"footnotes":""},"class_list":["post-1574","page","type-page","status-publish","hentry"],"yoast_head":"<!-- This site is optimized with the Yoast SEO plugin v22.2 - https:\/\/yoast.com\/wordpress\/plugins\/seo\/ -->\n<title>Curr\u00edculum - Bascar&aacute;n fot&oacute;grafos Bascar\u00e1n fot\u00f3grafos - Fotografo Chiva, Valencia.<\/title>\n<meta name=\"description\" content=\"Fot\u00f3grafo Valencia, Artista visual licenciado en Bellas Artes. Estudio de fotograf\u00eda y v\u00eddeo profesional en Chiva, Valencia.\" \/>\n<meta name=\"robots\" content=\"index, follow, max-snippet:-1, max-image-preview:large, max-video-preview:-1\" \/>\n<link rel=\"canonical\" href=\"https:\/\/www.bascaran.com\/photo\/curriculum\/\" \/>\n<meta property=\"og:locale\" content=\"es_ES\" \/>\n<meta property=\"og:type\" content=\"article\" \/>\n<meta property=\"og:title\" content=\"Curr\u00edculum - Bascar&aacute;n fot&oacute;grafos Bascar\u00e1n fot\u00f3grafos - Fotografo Chiva, Valencia.\" \/>\n<meta property=\"og:description\" content=\"Fot\u00f3grafo Valencia, Artista visual licenciado en Bellas Artes. Estudio de fotograf\u00eda y v\u00eddeo profesional en Chiva, Valencia.\" \/>\n<meta property=\"og:url\" content=\"https:\/\/www.bascaran.com\/photo\/curriculum\/\" \/>\n<meta property=\"og:site_name\" content=\"Bascar&aacute;n fot&oacute;grafos\" \/>\n<meta property=\"article:publisher\" content=\"https:\/\/www.facebook.com\/bascaranfotografoboda\/\" \/>\n<meta property=\"article:modified_time\" content=\"2025-06-11T09:09:42+00:00\" \/>\n<meta property=\"og:image\" content=\"https:\/\/www.bascaran.com\/photo\/wp-content\/uploads\/2020\/04\/curriculum-1600x1067.jpg\" \/>\n<meta name=\"twitter:card\" content=\"summary_large_image\" \/>\n<meta name=\"twitter:label1\" content=\"Tiempo de lectura\" \/>\n\t<meta name=\"twitter:data1\" content=\"6 minutos\" \/>\n<script type=\"application\/ld+json\" class=\"yoast-schema-graph\">{\"@context\":\"https:\/\/schema.org\",\"@graph\":[{\"@type\":\"WebPage\",\"@id\":\"https:\/\/www.bascaran.com\/photo\/curriculum\/\",\"url\":\"https:\/\/www.bascaran.com\/photo\/curriculum\/\",\"name\":\"Curr\u00edculum - Bascar&aacute;n fot&oacute;grafos Bascar\u00e1n fot\u00f3grafos - Fotografo Chiva, Valencia.\",\"isPartOf\":{\"@id\":\"https:\/\/www.bascaran.com\/photo\/#website\"},\"primaryImageOfPage\":{\"@id\":\"https:\/\/www.bascaran.com\/photo\/curriculum\/#primaryimage\"},\"image\":{\"@id\":\"https:\/\/www.bascaran.com\/photo\/curriculum\/#primaryimage\"},\"thumbnailUrl\":\"https:\/\/www.bascaran.com\/photo\/wp-content\/uploads\/2020\/04\/curriculum-1600x1067.jpg\",\"datePublished\":\"2020-04-19T22:30:08+00:00\",\"dateModified\":\"2025-06-11T09:09:42+00:00\",\"description\":\"Fot\u00f3grafo Valencia, Artista visual licenciado en Bellas Artes. Estudio de fotograf\u00eda y v\u00eddeo profesional en Chiva, Valencia.\",\"breadcrumb\":{\"@id\":\"https:\/\/www.bascaran.com\/photo\/curriculum\/#breadcrumb\"},\"inLanguage\":\"es\",\"potentialAction\":[{\"@type\":\"ReadAction\",\"target\":[\"https:\/\/www.bascaran.com\/photo\/curriculum\/\"]}]},{\"@type\":\"ImageObject\",\"inLanguage\":\"es\",\"@id\":\"https:\/\/www.bascaran.com\/photo\/curriculum\/#primaryimage\",\"url\":\"https:\/\/www.bascaran.com\/photo\/wp-content\/uploads\/2020\/04\/curriculum.jpg\",\"contentUrl\":\"https:\/\/www.bascaran.com\/photo\/wp-content\/uploads\/2020\/04\/curriculum.jpg\",\"width\":1600,\"height\":1067},{\"@type\":\"BreadcrumbList\",\"@id\":\"https:\/\/www.bascaran.com\/photo\/curriculum\/#breadcrumb\",\"itemListElement\":[{\"@type\":\"ListItem\",\"position\":1,\"name\":\"Portada\",\"item\":\"https:\/\/www.bascaran.com\/photo\/\"},{\"@type\":\"ListItem\",\"position\":2,\"name\":\"Curr\u00edculum\"}]},{\"@type\":\"WebSite\",\"@id\":\"https:\/\/www.bascaran.com\/photo\/#website\",\"url\":\"https:\/\/www.bascaran.com\/photo\/\",\"name\":\"Bascar&aacute;n fot&oacute;grafos\",\"description\":\"Fotograf&iacute;a y audiovisuales\",\"publisher\":{\"@id\":\"https:\/\/www.bascaran.com\/photo\/#organization\"},\"potentialAction\":[{\"@type\":\"SearchAction\",\"target\":{\"@type\":\"EntryPoint\",\"urlTemplate\":\"https:\/\/www.bascaran.com\/photo\/?s={search_term_string}\"},\"query-input\":\"required name=search_term_string\"}],\"inLanguage\":\"es\"},{\"@type\":\"Organization\",\"@id\":\"https:\/\/www.bascaran.com\/photo\/#organization\",\"name\":\"www.bascaran.com\",\"url\":\"https:\/\/www.bascaran.com\/photo\/\",\"logo\":{\"@type\":\"ImageObject\",\"inLanguage\":\"es\",\"@id\":\"https:\/\/www.bascaran.com\/photo\/#\/schema\/logo\/image\/\",\"url\":\"https:\/\/www.bascaran.com\/photo\/wp-content\/uploads\/2020\/04\/LOGO_02_web-1.png\",\"contentUrl\":\"https:\/\/www.bascaran.com\/photo\/wp-content\/uploads\/2020\/04\/LOGO_02_web-1.png\",\"width\":284,\"height\":84,\"caption\":\"www.bascaran.com\"},\"image\":{\"@id\":\"https:\/\/www.bascaran.com\/photo\/#\/schema\/logo\/image\/\"},\"sameAs\":[\"https:\/\/www.facebook.com\/bascaranfotografoboda\/\",\"https:\/\/www.instagram.com\/bascaran_fotografos\/\",\"https:\/\/www.youtube.com\/channel\/UCiATmKIXaiESUdOt1-xhIaA\"]}]}<\/script>\n<!-- \/ Yoast SEO plugin. -->","yoast_head_json":{"title":"Curr\u00edculum - Bascar&aacute;n fot&oacute;grafos Bascar\u00e1n fot\u00f3grafos - Fotografo Chiva, Valencia.","description":"Fot\u00f3grafo Valencia, Artista visual licenciado en Bellas Artes. Estudio de fotograf\u00eda y v\u00eddeo profesional en Chiva, Valencia.","robots":{"index":"index","follow":"follow","max-snippet":"max-snippet:-1","max-image-preview":"max-image-preview:large","max-video-preview":"max-video-preview:-1"},"canonical":"https:\/\/www.bascaran.com\/photo\/curriculum\/","og_locale":"es_ES","og_type":"article","og_title":"Curr\u00edculum - Bascar&aacute;n fot&oacute;grafos Bascar\u00e1n fot\u00f3grafos - Fotografo Chiva, Valencia.","og_description":"Fot\u00f3grafo Valencia, Artista visual licenciado en Bellas Artes. Estudio de fotograf\u00eda y v\u00eddeo profesional en Chiva, Valencia.","og_url":"https:\/\/www.bascaran.com\/photo\/curriculum\/","og_site_name":"Bascar&aacute;n fot&oacute;grafos","article_publisher":"https:\/\/www.facebook.com\/bascaranfotografoboda\/","article_modified_time":"2025-06-11T09:09:42+00:00","og_image":[{"url":"https:\/\/www.bascaran.com\/photo\/wp-content\/uploads\/2020\/04\/curriculum-1600x1067.jpg"}],"twitter_card":"summary_large_image","twitter_misc":{"Tiempo de lectura":"6 minutos"},"schema":{"@context":"https:\/\/schema.org","@graph":[{"@type":"WebPage","@id":"https:\/\/www.bascaran.com\/photo\/curriculum\/","url":"https:\/\/www.bascaran.com\/photo\/curriculum\/","name":"Curr\u00edculum - Bascar&aacute;n fot&oacute;grafos Bascar\u00e1n fot\u00f3grafos - Fotografo Chiva, Valencia.","isPartOf":{"@id":"https:\/\/www.bascaran.com\/photo\/#website"},"primaryImageOfPage":{"@id":"https:\/\/www.bascaran.com\/photo\/curriculum\/#primaryimage"},"image":{"@id":"https:\/\/www.bascaran.com\/photo\/curriculum\/#primaryimage"},"thumbnailUrl":"https:\/\/www.bascaran.com\/photo\/wp-content\/uploads\/2020\/04\/curriculum-1600x1067.jpg","datePublished":"2020-04-19T22:30:08+00:00","dateModified":"2025-06-11T09:09:42+00:00","description":"Fot\u00f3grafo Valencia, Artista visual licenciado en Bellas Artes. Estudio de fotograf\u00eda y v\u00eddeo profesional en Chiva, Valencia.","breadcrumb":{"@id":"https:\/\/www.bascaran.com\/photo\/curriculum\/#breadcrumb"},"inLanguage":"es","potentialAction":[{"@type":"ReadAction","target":["https:\/\/www.bascaran.com\/photo\/curriculum\/"]}]},{"@type":"ImageObject","inLanguage":"es","@id":"https:\/\/www.bascaran.com\/photo\/curriculum\/#primaryimage","url":"https:\/\/www.bascaran.com\/photo\/wp-content\/uploads\/2020\/04\/curriculum.jpg","contentUrl":"https:\/\/www.bascaran.com\/photo\/wp-content\/uploads\/2020\/04\/curriculum.jpg","width":1600,"height":1067},{"@type":"BreadcrumbList","@id":"https:\/\/www.bascaran.com\/photo\/curriculum\/#breadcrumb","itemListElement":[{"@type":"ListItem","position":1,"name":"Portada","item":"https:\/\/www.bascaran.com\/photo\/"},{"@type":"ListItem","position":2,"name":"Curr\u00edculum"}]},{"@type":"WebSite","@id":"https:\/\/www.bascaran.com\/photo\/#website","url":"https:\/\/www.bascaran.com\/photo\/","name":"Bascar&aacute;n fot&oacute;grafos","description":"Fotograf&iacute;a y audiovisuales","publisher":{"@id":"https:\/\/www.bascaran.com\/photo\/#organization"},"potentialAction":[{"@type":"SearchAction","target":{"@type":"EntryPoint","urlTemplate":"https:\/\/www.bascaran.com\/photo\/?s={search_term_string}"},"query-input":"required name=search_term_string"}],"inLanguage":"es"},{"@type":"Organization","@id":"https:\/\/www.bascaran.com\/photo\/#organization","name":"www.bascaran.com","url":"https:\/\/www.bascaran.com\/photo\/","logo":{"@type":"ImageObject","inLanguage":"es","@id":"https:\/\/www.bascaran.com\/photo\/#\/schema\/logo\/image\/","url":"https:\/\/www.bascaran.com\/photo\/wp-content\/uploads\/2020\/04\/LOGO_02_web-1.png","contentUrl":"https:\/\/www.bascaran.com\/photo\/wp-content\/uploads\/2020\/04\/LOGO_02_web-1.png","width":284,"height":84,"caption":"www.bascaran.com"},"image":{"@id":"https:\/\/www.bascaran.com\/photo\/#\/schema\/logo\/image\/"},"sameAs":["https:\/\/www.facebook.com\/bascaranfotografoboda\/","https:\/\/www.instagram.com\/bascaran_fotografos\/","https:\/\/www.youtube.com\/channel\/UCiATmKIXaiESUdOt1-xhIaA"]}]}},"_links":{"self":[{"href":"https:\/\/www.bascaran.com\/photo\/wp-json\/wp\/v2\/pages\/1574","targetHints":{"allow":["GET"]}}],"collection":[{"href":"https:\/\/www.bascaran.com\/photo\/wp-json\/wp\/v2\/pages"}],"about":[{"href":"https:\/\/www.bascaran.com\/photo\/wp-json\/wp\/v2\/types\/page"}],"author":[{"embeddable":true,"href":"https:\/\/www.bascaran.com\/photo\/wp-json\/wp\/v2\/users\/1"}],"replies":[{"embeddable":true,"href":"https:\/\/www.bascaran.com\/photo\/wp-json\/wp\/v2\/comments?post=1574"}],"version-history":[{"count":22,"href":"https:\/\/www.bascaran.com\/photo\/wp-json\/wp\/v2\/pages\/1574\/revisions"}],"predecessor-version":[{"id":4435,"href":"https:\/\/www.bascaran.com\/photo\/wp-json\/wp\/v2\/pages\/1574\/revisions\/4435"}],"wp:attachment":[{"href":"https:\/\/www.bascaran.com\/photo\/wp-json\/wp\/v2\/media?parent=1574"}],"curies":[{"name":"wp","href":"https:\/\/api.w.org\/{rel}","templated":true}]}}