{"id":4467,"date":"2025-10-22T23:09:50","date_gmt":"2025-10-22T21:09:50","guid":{"rendered":"http:\/\/www.bascaran.com\/autor\/?page_id=4467"},"modified":"2025-10-22T23:35:04","modified_gmt":"2025-10-22T21:35:04","slug":"desastres-y-otros-juguetes","status":"publish","type":"page","link":"https:\/\/www.bascaran.com\/autor\/desastres-y-otros-juguetes\/","title":{"rendered":"Desastres y otros juguetes"},"content":{"rendered":"\t\t<div data-elementor-type=\"wp-page\" data-elementor-id=\"4467\" class=\"elementor elementor-4467\">\n\t\t\t\t\t\t<section class=\"elementor-section elementor-top-section elementor-element elementor-element-4621159 elementor-section-boxed elementor-section-height-default elementor-section-height-default\" data-id=\"4621159\" data-element_type=\"section\" data-e-type=\"section\">\n\t\t\t\t\t\t<div class=\"elementor-container elementor-column-gap-default\">\n\t\t\t\t\t<div class=\"elementor-column elementor-col-100 elementor-top-column elementor-element elementor-element-c0469f0\" data-id=\"c0469f0\" data-element_type=\"column\" data-e-type=\"column\">\n\t\t\t<div class=\"elementor-widget-wrap elementor-element-populated\">\n\t\t\t\t\t\t<div class=\"elementor-element elementor-element-91b8362 elementor-widget elementor-widget-spacer\" data-id=\"91b8362\" data-element_type=\"widget\" data-e-type=\"widget\" data-widget_type=\"spacer.default\">\n\t\t\t\t<div class=\"elementor-widget-container\">\n\t\t\t\t\t\t\t<div class=\"elementor-spacer\">\n\t\t\t<div class=\"elementor-spacer-inner\"><\/div>\n\t\t<\/div>\n\t\t\t\t\t\t<\/div>\n\t\t\t\t<\/div>\n\t\t\t\t\t<\/div>\n\t\t<\/div>\n\t\t\t\t\t<\/div>\n\t\t<\/section>\n\t\t\t\t<section class=\"elementor-section elementor-top-section elementor-element elementor-element-3b425c7 elementor-section-boxed elementor-section-height-default elementor-section-height-default\" data-id=\"3b425c7\" data-element_type=\"section\" data-e-type=\"section\">\n\t\t\t\t\t\t<div class=\"elementor-container elementor-column-gap-default\">\n\t\t\t\t\t<div class=\"elementor-column elementor-col-100 elementor-top-column elementor-element elementor-element-bdbc5c9\" data-id=\"bdbc5c9\" data-element_type=\"column\" data-e-type=\"column\">\n\t\t\t<div class=\"elementor-widget-wrap elementor-element-populated\">\n\t\t\t\t\t\t<div class=\"elementor-element elementor-element-20b70f4 elementor-widget elementor-widget-heading\" data-id=\"20b70f4\" data-element_type=\"widget\" data-e-type=\"widget\" data-widget_type=\"heading.default\">\n\t\t\t\t<div class=\"elementor-widget-container\">\n\t\t\t\t\t<h2 class=\"elementor-heading-title elementor-size-default\">Desastres y otros juguetes<\/h2>\t\t\t\t<\/div>\n\t\t\t\t<\/div>\n\t\t\t\t\t<\/div>\n\t\t<\/div>\n\t\t\t\t\t<\/div>\n\t\t<\/section>\n\t\t\t\t<section class=\"elementor-section elementor-top-section elementor-element elementor-element-411df2b elementor-section-boxed elementor-section-height-default elementor-section-height-default\" data-id=\"411df2b\" data-element_type=\"section\" data-e-type=\"section\">\n\t\t\t\t\t\t<div class=\"elementor-container elementor-column-gap-default\">\n\t\t\t\t\t<div class=\"elementor-column elementor-col-100 elementor-top-column elementor-element elementor-element-9eb147a\" data-id=\"9eb147a\" data-element_type=\"column\" data-e-type=\"column\">\n\t\t\t<div class=\"elementor-widget-wrap elementor-element-populated\">\n\t\t\t\t\t\t<div class=\"elementor-element elementor-element-52eeb91 elementor-widget elementor-widget-spacer\" data-id=\"52eeb91\" data-element_type=\"widget\" data-e-type=\"widget\" data-widget_type=\"spacer.default\">\n\t\t\t\t<div class=\"elementor-widget-container\">\n\t\t\t\t\t\t\t<div class=\"elementor-spacer\">\n\t\t\t<div class=\"elementor-spacer-inner\"><\/div>\n\t\t<\/div>\n\t\t\t\t\t\t<\/div>\n\t\t\t\t<\/div>\n\t\t\t\t\t<\/div>\n\t\t<\/div>\n\t\t\t\t\t<\/div>\n\t\t<\/section>\n\t\t\t\t<section class=\"elementor-section elementor-top-section elementor-element elementor-element-f544b37 elementor-section-boxed elementor-section-height-default elementor-section-height-default\" data-id=\"f544b37\" data-element_type=\"section\" data-e-type=\"section\">\n\t\t\t\t\t\t<div class=\"elementor-container elementor-column-gap-default\">\n\t\t\t\t\t<div class=\"elementor-column elementor-col-100 elementor-top-column elementor-element elementor-element-8d304af\" data-id=\"8d304af\" data-element_type=\"column\" data-e-type=\"column\">\n\t\t\t<div class=\"elementor-widget-wrap elementor-element-populated\">\n\t\t\t\t\t\t<div class=\"elementor-element elementor-element-20ab641 elementor-widget elementor-widget-image\" data-id=\"20ab641\" data-element_type=\"widget\" data-e-type=\"widget\" data-widget_type=\"image.default\">\n\t\t\t\t<div class=\"elementor-widget-container\">\n\t\t\t\t\t\t\t\t\t\t\t\t\t\t\t<img fetchpriority=\"high\" decoding=\"async\" width=\"300\" height=\"300\" src=\"https:\/\/www.bascaran.com\/autor\/wp-content\/uploads\/2025\/10\/OBJETO_02-300x300.jpg\" class=\"attachment-thumbnail size-thumbnail wp-image-4483\" alt=\"\" srcset=\"https:\/\/www.bascaran.com\/autor\/wp-content\/uploads\/2025\/10\/OBJETO_02-300x300.jpg 300w, https:\/\/www.bascaran.com\/autor\/wp-content\/uploads\/2025\/10\/OBJETO_02-75x75.jpg 75w\" sizes=\"(max-width: 300px) 100vw, 300px\" \/>\t\t\t\t\t\t\t\t\t\t\t\t\t\t\t<\/div>\n\t\t\t\t<\/div>\n\t\t\t\t\t<\/div>\n\t\t<\/div>\n\t\t\t\t\t<\/div>\n\t\t<\/section>\n\t\t\t\t<section class=\"elementor-section elementor-top-section elementor-element elementor-element-1c65881 elementor-section-boxed elementor-section-height-default elementor-section-height-default\" data-id=\"1c65881\" data-element_type=\"section\" data-e-type=\"section\">\n\t\t\t\t\t\t<div class=\"elementor-container elementor-column-gap-default\">\n\t\t\t\t\t<div class=\"elementor-column elementor-col-100 elementor-top-column elementor-element elementor-element-d787fb5\" data-id=\"d787fb5\" data-element_type=\"column\" data-e-type=\"column\">\n\t\t\t<div class=\"elementor-widget-wrap elementor-element-populated\">\n\t\t\t\t\t\t<div class=\"elementor-element elementor-element-8cd9708 elementor-widget elementor-widget-heading\" data-id=\"8cd9708\" data-element_type=\"widget\" data-e-type=\"widget\" data-widget_type=\"heading.default\">\n\t\t\t\t<div class=\"elementor-widget-container\">\n\t\t\t\t\t<h4 class=\"elementor-heading-title elementor-size-default\">Ruidos y pamplina<\/h4>\t\t\t\t<\/div>\n\t\t\t\t<\/div>\n\t\t\t\t\t<\/div>\n\t\t<\/div>\n\t\t\t\t\t<\/div>\n\t\t<\/section>\n\t\t\t\t<section class=\"elementor-section elementor-top-section elementor-element elementor-element-6cd663f elementor-section-boxed elementor-section-height-default elementor-section-height-default\" data-id=\"6cd663f\" data-element_type=\"section\" data-e-type=\"section\">\n\t\t\t\t\t\t<div class=\"elementor-container elementor-column-gap-default\">\n\t\t\t\t\t<div class=\"elementor-column elementor-col-100 elementor-top-column elementor-element elementor-element-6f7ad44\" data-id=\"6f7ad44\" data-element_type=\"column\" data-e-type=\"column\">\n\t\t\t<div class=\"elementor-widget-wrap elementor-element-populated\">\n\t\t\t\t\t\t<div class=\"elementor-element elementor-element-77c236e elementor-widget elementor-widget-text-editor\" data-id=\"77c236e\" data-element_type=\"widget\" data-e-type=\"widget\" data-widget_type=\"text-editor.default\">\n\t\t\t\t<div class=\"elementor-widget-container\">\n\t\t\t\t\t\t\t\t\t<p style=\"text-align: center;\">Paisajes y esc\u00e9nicos fragmentos de mi mismo,<\/p>\n<p style=\"text-align: center;\">de la luz hacia el polvo,<\/p>\n<p style=\"text-align: center;\">ilustraci\u00f3n como boceto ilustre de f\u00e1vula\u00a0<\/p>\n<p style=\"text-align: center;\">de gallos borrosos y fractales recuerdos\u00a0<\/p>\n<p style=\"text-align: center;\">de arenas y pozos,<\/p>\n<p style=\"text-align: center;\">de momentos de corcho y jolgorio\u00a0<\/p>\n<p style=\"text-align: center;\">de disfraces y trucos o tratos,<\/p>\n<p style=\"text-align: center;\">de resaca.<\/p>\t\t\t\t\t\t\t\t<\/div>\n\t\t\t\t<\/div>\n\t\t\t\t\t<\/div>\n\t\t<\/div>\n\t\t\t\t\t<\/div>\n\t\t<\/section>\n\t\t\t\t<section class=\"elementor-section elementor-top-section elementor-element elementor-element-25a4825 elementor-section-boxed elementor-section-height-default elementor-section-height-default\" data-id=\"25a4825\" data-element_type=\"section\" data-e-type=\"section\">\n\t\t\t\t\t\t<div class=\"elementor-container elementor-column-gap-default\">\n\t\t\t\t\t<div class=\"elementor-column elementor-col-100 elementor-top-column elementor-element elementor-element-bd82f97\" data-id=\"bd82f97\" data-element_type=\"column\" data-e-type=\"column\">\n\t\t\t<div class=\"elementor-widget-wrap elementor-element-populated\">\n\t\t\t\t\t\t<div class=\"elementor-element elementor-element-d0c5cc9 elementor-widget elementor-widget-spacer\" data-id=\"d0c5cc9\" data-element_type=\"widget\" data-e-type=\"widget\" data-widget_type=\"spacer.default\">\n\t\t\t\t<div class=\"elementor-widget-container\">\n\t\t\t\t\t\t\t<div class=\"elementor-spacer\">\n\t\t\t<div class=\"elementor-spacer-inner\"><\/div>\n\t\t<\/div>\n\t\t\t\t\t\t<\/div>\n\t\t\t\t<\/div>\n\t\t\t\t\t<\/div>\n\t\t<\/div>\n\t\t\t\t\t<\/div>\n\t\t<\/section>\n\t\t\t\t<section class=\"elementor-section elementor-top-section elementor-element elementor-element-89133db elementor-section-boxed elementor-section-height-default elementor-section-height-default\" data-id=\"89133db\" data-element_type=\"section\" data-e-type=\"section\">\n\t\t\t\t\t\t<div class=\"elementor-container elementor-column-gap-default\">\n\t\t\t\t\t<div class=\"elementor-column elementor-col-100 elementor-top-column elementor-element elementor-element-f9c999c\" data-id=\"f9c999c\" data-element_type=\"column\" data-e-type=\"column\">\n\t\t\t<div class=\"elementor-widget-wrap elementor-element-populated\">\n\t\t\t\t\t\t<div class=\"elementor-element elementor-element-1c20e36 elementor-widget elementor-widget-image\" data-id=\"1c20e36\" data-element_type=\"widget\" data-e-type=\"widget\" data-widget_type=\"image.default\">\n\t\t\t\t<div class=\"elementor-widget-container\">\n\t\t\t\t\t\t\t\t\t\t\t\t\t\t\t<img decoding=\"async\" width=\"300\" height=\"300\" src=\"https:\/\/www.bascaran.com\/autor\/wp-content\/uploads\/2025\/10\/antrop_01-300x300.jpg\" class=\"attachment-thumbnail size-thumbnail wp-image-4481\" alt=\"\" srcset=\"https:\/\/www.bascaran.com\/autor\/wp-content\/uploads\/2025\/10\/antrop_01-300x300.jpg 300w, https:\/\/www.bascaran.com\/autor\/wp-content\/uploads\/2025\/10\/antrop_01-75x75.jpg 75w\" sizes=\"(max-width: 300px) 100vw, 300px\" \/>\t\t\t\t\t\t\t\t\t\t\t\t\t\t\t<\/div>\n\t\t\t\t<\/div>\n\t\t\t\t\t<\/div>\n\t\t<\/div>\n\t\t\t\t\t<\/div>\n\t\t<\/section>\n\t\t\t\t<section class=\"elementor-section elementor-top-section elementor-element elementor-element-535a1a1 elementor-section-boxed elementor-section-height-default elementor-section-height-default\" data-id=\"535a1a1\" data-element_type=\"section\" data-e-type=\"section\">\n\t\t\t\t\t\t<div class=\"elementor-container elementor-column-gap-default\">\n\t\t\t\t\t<div class=\"elementor-column elementor-col-100 elementor-top-column elementor-element elementor-element-895cd5f\" data-id=\"895cd5f\" data-element_type=\"column\" data-e-type=\"column\">\n\t\t\t<div class=\"elementor-widget-wrap elementor-element-populated\">\n\t\t\t\t\t\t<div class=\"elementor-element elementor-element-b09afad elementor-widget elementor-widget-heading\" data-id=\"b09afad\" data-element_type=\"widget\" data-e-type=\"widget\" data-widget_type=\"heading.default\">\n\t\t\t\t<div class=\"elementor-widget-container\">\n\t\t\t\t\t<h4 class=\"elementor-heading-title elementor-size-default\">Antropolog\u00eda del vac\u00edo<\/h4>\t\t\t\t<\/div>\n\t\t\t\t<\/div>\n\t\t\t\t\t<\/div>\n\t\t<\/div>\n\t\t\t\t\t<\/div>\n\t\t<\/section>\n\t\t\t\t<section class=\"elementor-section elementor-top-section elementor-element elementor-element-91e40a7 elementor-section-boxed elementor-section-height-default elementor-section-height-default\" data-id=\"91e40a7\" data-element_type=\"section\" data-e-type=\"section\">\n\t\t\t\t\t\t<div class=\"elementor-container elementor-column-gap-default\">\n\t\t\t\t\t<div class=\"elementor-column elementor-col-100 elementor-top-column elementor-element elementor-element-ea9bb07\" data-id=\"ea9bb07\" data-element_type=\"column\" data-e-type=\"column\">\n\t\t\t<div class=\"elementor-widget-wrap elementor-element-populated\">\n\t\t\t\t\t\t<div class=\"elementor-element elementor-element-abb67bd elementor-widget elementor-widget-text-editor\" data-id=\"abb67bd\" data-element_type=\"widget\" data-e-type=\"widget\" data-widget_type=\"text-editor.default\">\n\t\t\t\t<div class=\"elementor-widget-container\">\n\t\t\t\t\t\t\t\t\t<p style=\"text-align: center;\">Abstracto y oscuro camino,<br \/>basto agujero que atrapa la luz,<br \/>borroso recuerdo de lo bello de otros d\u00edas,<br \/>mis pasos, presa del miedo, muestran mi declive.<\/p>\n<p style=\"text-align: center;\"><!-- \/wp:paragraph --><\/p>\n<p style=\"text-align: center;\"><!-- wp:paragraph --><\/p>\n<p style=\"text-align: center;\">Obst\u00e1culos que ara\u00f1an mi alma,<br \/>vertiginoso transcurso de una vida desgraciada.<br \/>Momentos en los que pienso abandonar.<br \/>Soledad que ti\u00f1e de negro el color de mis sue\u00f1os.<\/p>\n<p style=\"text-align: center;\"><!-- \/wp:paragraph --><\/p>\n<p style=\"text-align: center;\"><!-- wp:paragraph --><\/p>\n<p style=\"text-align: center;\">La luz, enjaulada, me invita a pasar de largo.<br \/>Mis pasos no dejan de mostrar mi declive,<br \/>momentos en los que recuerdo aquel horizonte.<br \/>La asfixia&#8230;, \u00a1 el aire se vuelve veneno !.<\/p>\n<p style=\"text-align: center;\"><!-- \/wp:paragraph --><\/p>\n<p style=\"text-align: center;\"><!-- wp:paragraph --><\/p>\n<p style=\"text-align: center;\">El cristal, que mostraba su amable transparencia<br \/>convertido en sucio espejo de las sombras.<br \/>Ya solo me queda&#8230;<br \/>recomponer mi destino.<\/p>\n<p style=\"text-align: center;\">\u00a0<\/p>\t\t\t\t\t\t\t\t<\/div>\n\t\t\t\t<\/div>\n\t\t\t\t\t<\/div>\n\t\t<\/div>\n\t\t\t\t\t<\/div>\n\t\t<\/section>\n\t\t\t\t<section class=\"elementor-section elementor-top-section elementor-element elementor-element-e49d5ec elementor-section-boxed elementor-section-height-default elementor-section-height-default\" data-id=\"e49d5ec\" data-element_type=\"section\" data-e-type=\"section\">\n\t\t\t\t\t\t<div class=\"elementor-container elementor-column-gap-default\">\n\t\t\t\t\t<div class=\"elementor-column elementor-col-100 elementor-top-column elementor-element elementor-element-c72ee2a\" data-id=\"c72ee2a\" data-element_type=\"column\" data-e-type=\"column\">\n\t\t\t<div class=\"elementor-widget-wrap elementor-element-populated\">\n\t\t\t\t\t\t<div class=\"elementor-element elementor-element-830b4d4 elementor-widget elementor-widget-spacer\" data-id=\"830b4d4\" data-element_type=\"widget\" data-e-type=\"widget\" data-widget_type=\"spacer.default\">\n\t\t\t\t<div class=\"elementor-widget-container\">\n\t\t\t\t\t\t\t<div class=\"elementor-spacer\">\n\t\t\t<div class=\"elementor-spacer-inner\"><\/div>\n\t\t<\/div>\n\t\t\t\t\t\t<\/div>\n\t\t\t\t<\/div>\n\t\t\t\t\t<\/div>\n\t\t<\/div>\n\t\t\t\t\t<\/div>\n\t\t<\/section>\n\t\t\t\t<section class=\"elementor-section elementor-top-section elementor-element elementor-element-cd71457 elementor-section-boxed elementor-section-height-default elementor-section-height-default\" data-id=\"cd71457\" data-element_type=\"section\" data-e-type=\"section\">\n\t\t\t\t\t\t<div class=\"elementor-container elementor-column-gap-default\">\n\t\t\t\t\t<div class=\"elementor-column elementor-col-100 elementor-top-column elementor-element elementor-element-65e45ca\" data-id=\"65e45ca\" data-element_type=\"column\" data-e-type=\"column\">\n\t\t\t<div class=\"elementor-widget-wrap elementor-element-populated\">\n\t\t\t\t\t\t<div class=\"elementor-element elementor-element-62a97c7 elementor-widget elementor-widget-image\" data-id=\"62a97c7\" data-element_type=\"widget\" data-e-type=\"widget\" data-widget_type=\"image.default\">\n\t\t\t\t<div class=\"elementor-widget-container\">\n\t\t\t\t\t\t\t\t\t\t\t\t\t\t\t<img decoding=\"async\" src=\"https:\/\/www.bascaran.com\/autor\/wp-content\/uploads\/2025\/10\/MAGENTA_04_02_peque.jpg\" title=\"MAGENTA_04_02_peque\" alt=\"MAGENTA_04_02_peque\" loading=\"lazy\" \/>\t\t\t\t\t\t\t\t\t\t\t\t\t\t\t<\/div>\n\t\t\t\t<\/div>\n\t\t\t\t\t<\/div>\n\t\t<\/div>\n\t\t\t\t\t<\/div>\n\t\t<\/section>\n\t\t\t\t<section class=\"elementor-section elementor-top-section elementor-element elementor-element-9fb198a elementor-section-boxed elementor-section-height-default elementor-section-height-default\" data-id=\"9fb198a\" data-element_type=\"section\" data-e-type=\"section\">\n\t\t\t\t\t\t<div class=\"elementor-container elementor-column-gap-default\">\n\t\t\t\t\t<div class=\"elementor-column elementor-col-100 elementor-top-column elementor-element elementor-element-54aa771\" data-id=\"54aa771\" data-element_type=\"column\" data-e-type=\"column\">\n\t\t\t<div class=\"elementor-widget-wrap elementor-element-populated\">\n\t\t\t\t\t\t<div class=\"elementor-element elementor-element-9e76f8a elementor-widget elementor-widget-heading\" data-id=\"9e76f8a\" data-element_type=\"widget\" data-e-type=\"widget\" data-widget_type=\"heading.default\">\n\t\t\t\t<div class=\"elementor-widget-container\">\n\t\t\t\t\t<h4 class=\"elementor-heading-title elementor-size-default\">El ciclo de la Nutricula<\/h4>\t\t\t\t<\/div>\n\t\t\t\t<\/div>\n\t\t\t\t\t<\/div>\n\t\t<\/div>\n\t\t\t\t\t<\/div>\n\t\t<\/section>\n\t\t\t\t<section class=\"elementor-section elementor-top-section elementor-element elementor-element-71ac935 elementor-section-boxed elementor-section-height-default elementor-section-height-default\" data-id=\"71ac935\" data-element_type=\"section\" data-e-type=\"section\">\n\t\t\t\t\t\t<div class=\"elementor-container elementor-column-gap-default\">\n\t\t\t\t\t<div class=\"elementor-column elementor-col-100 elementor-top-column elementor-element elementor-element-82da350\" data-id=\"82da350\" data-element_type=\"column\" data-e-type=\"column\">\n\t\t\t<div class=\"elementor-widget-wrap elementor-element-populated\">\n\t\t\t\t\t\t<div class=\"elementor-element elementor-element-8e3e08f elementor-widget elementor-widget-text-editor\" data-id=\"8e3e08f\" data-element_type=\"widget\" data-e-type=\"widget\" data-widget_type=\"text-editor.default\">\n\t\t\t\t<div class=\"elementor-widget-container\">\n\t\t\t\t\t\t\t\t\t<p style=\"text-align: center;\">Lloras hoy por el ayer sin importarte el ma\u00f1ana,&nbsp;<\/p>\n<p style=\"text-align: center;\">mueres cada d\u00eda un poco m\u00e1s y por eso vives tanto,&nbsp;<\/p>\n<p style=\"text-align: center;\">pero recuerda que ma\u00f1ana volver\u00e1s a amar, volver\u00e1s a llorar,&nbsp;<\/p>\n<p style=\"text-align: center;\">volver\u00e1n los buenos y malos momentos,&nbsp;<\/p>\n<p style=\"text-align: center;\">volver\u00e1s a vivir por morir por alguien&nbsp;y morir\u00e1s una vez m\u00e1s por lo vivido,&nbsp;<\/p>\n<p style=\"text-align: center;\">recuerda que tendr\u00e1s que seguir muriendo una y&nbsp;otra vez para volver a nacer,&nbsp;<\/p>\n<p style=\"text-align: center;\">recuerda olvidar.<\/p>\t\t\t\t\t\t\t\t<\/div>\n\t\t\t\t<\/div>\n\t\t\t\t\t<\/div>\n\t\t<\/div>\n\t\t\t\t\t<\/div>\n\t\t<\/section>\n\t\t\t\t<section class=\"elementor-section elementor-top-section elementor-element elementor-element-a3b0ad4 elementor-section-boxed elementor-section-height-default elementor-section-height-default\" data-id=\"a3b0ad4\" data-element_type=\"section\" data-e-type=\"section\">\n\t\t\t\t\t\t<div class=\"elementor-container elementor-column-gap-default\">\n\t\t\t\t\t<div class=\"elementor-column elementor-col-100 elementor-top-column elementor-element elementor-element-9079d07\" data-id=\"9079d07\" data-element_type=\"column\" data-e-type=\"column\">\n\t\t\t<div class=\"elementor-widget-wrap elementor-element-populated\">\n\t\t\t\t\t\t<div class=\"elementor-element elementor-element-627464a elementor-widget elementor-widget-spacer\" data-id=\"627464a\" data-element_type=\"widget\" data-e-type=\"widget\" data-widget_type=\"spacer.default\">\n\t\t\t\t<div class=\"elementor-widget-container\">\n\t\t\t\t\t\t\t<div class=\"elementor-spacer\">\n\t\t\t<div class=\"elementor-spacer-inner\"><\/div>\n\t\t<\/div>\n\t\t\t\t\t\t<\/div>\n\t\t\t\t<\/div>\n\t\t\t\t\t<\/div>\n\t\t<\/div>\n\t\t\t\t\t<\/div>\n\t\t<\/section>\n\t\t\t\t<\/div>\n\t\t","protected":false},"excerpt":{"rendered":"<p>Desastres y otros juguetes Ruidos y pamplina Paisajes y esc\u00e9nicos fragmentos de mi mismo, de la luz hacia el polvo, ilustraci\u00f3n como boceto ilustre de&hellip; <\/p>\n","protected":false},"author":1,"featured_media":0,"parent":0,"menu_order":0,"comment_status":"closed","ping_status":"closed","template":"","meta":{"_coblocks_attr":"","_coblocks_dimensions":"","_coblocks_responsive_height":"","_coblocks_accordion_ie_support":"","footnotes":""},"class_list":["post-4467","page","type-page","status-publish","hentry"],"uagb_featured_image_src":{"full":false,"thumbnail":false,"medium":false,"medium_large":false,"large":false,"1536x1536":false,"2048x2048":false,"photograph-popular-post":false},"uagb_author_info":{"display_name":"admin","author_link":"https:\/\/www.bascaran.com\/autor\/author\/admin\/"},"uagb_comment_info":0,"uagb_excerpt":"Desastres y otros juguetes Ruidos y pamplina Paisajes y esc\u00e9nicos fragmentos de mi mismo, de la luz hacia el polvo, ilustraci\u00f3n como boceto ilustre de&hellip;","yoast_head":"<!-- This site is optimized with the Yoast SEO plugin v15.2.1 - https:\/\/yoast.com\/wordpress\/plugins\/seo\/ -->\n<title>Desastres y otros juguetes - V&iacute;ctor Bascar&aacute;n<\/title>\n<meta name=\"description\" content=\"Poes\u00eda\" \/>\n<meta name=\"robots\" content=\"index, follow, max-snippet:-1, max-image-preview:large, max-video-preview:-1\" \/>\n<link rel=\"canonical\" href=\"https:\/\/www.bascaran.com\/autor\/desastres-y-otros-juguetes\/\" \/>\n<meta property=\"og:locale\" content=\"es_ES\" \/>\n<meta property=\"og:type\" content=\"article\" \/>\n<meta property=\"og:title\" content=\"Desastres y otros juguetes - V&iacute;ctor Bascar&aacute;n\" \/>\n<meta property=\"og:description\" content=\"Poes\u00eda\" \/>\n<meta property=\"og:url\" content=\"https:\/\/www.bascaran.com\/autor\/desastres-y-otros-juguetes\/\" \/>\n<meta property=\"og:site_name\" content=\"V&iacute;ctor Bascar&aacute;n\" \/>\n<meta property=\"article:publisher\" content=\"https:\/\/www.facebook.com\/bascaranfotografoboda\/\" \/>\n<meta property=\"article:author\" content=\"https:\/\/www.facebook.com\/bascaran.fotografos\" \/>\n<meta property=\"article:modified_time\" content=\"2025-10-22T21:35:04+00:00\" \/>\n<meta property=\"og:image\" content=\"http:\/\/www.bascaran.com\/autor\/wp-content\/uploads\/2025\/10\/OBJETO_02-300x300.jpg\" \/>\n<meta name=\"twitter:card\" content=\"summary_large_image\" \/>\n<meta name=\"twitter:label1\" content=\"Escrito por\">\n\t<meta name=\"twitter:data1\" content=\"admin\">\n\t<meta name=\"twitter:label2\" content=\"Tiempo de lectura\">\n\t<meta name=\"twitter:data2\" content=\"1 minuto\">\n<script type=\"application\/ld+json\" class=\"yoast-schema-graph\">{\"@context\":\"https:\/\/schema.org\",\"@graph\":[{\"@type\":\"Organization\",\"@id\":\"https:\/\/www.bascaran.com\/autor\/#organization\",\"name\":\"www.bascaran.com\",\"url\":\"https:\/\/www.bascaran.com\/autor\/\",\"sameAs\":[\"https:\/\/www.facebook.com\/bascaranfotografoboda\/\",\"https:\/\/www.instagram.com\/bascaran_fotografos\/\",\"https:\/\/www.youtube.com\/channel\/UCiATmKIXaiESUdOt1-xhIaA\"],\"logo\":{\"@type\":\"ImageObject\",\"@id\":\"https:\/\/www.bascaran.com\/autor\/#logo\",\"inLanguage\":\"es\",\"url\":\"\",\"caption\":\"www.bascaran.com\"},\"image\":{\"@id\":\"https:\/\/www.bascaran.com\/autor\/#logo\"}},{\"@type\":\"WebSite\",\"@id\":\"https:\/\/www.bascaran.com\/autor\/#website\",\"url\":\"https:\/\/www.bascaran.com\/autor\/\",\"name\":\"V&iacute;ctor Bascar&aacute;n\",\"description\":\"Artista visual\",\"publisher\":{\"@id\":\"https:\/\/www.bascaran.com\/autor\/#organization\"},\"potentialAction\":[{\"@type\":\"SearchAction\",\"target\":\"https:\/\/www.bascaran.com\/autor\/?s={search_term_string}\",\"query-input\":\"required name=search_term_string\"}],\"inLanguage\":\"es\"},{\"@type\":\"ImageObject\",\"@id\":\"https:\/\/www.bascaran.com\/autor\/desastres-y-otros-juguetes\/#primaryimage\",\"inLanguage\":\"es\",\"url\":\"http:\/\/www.bascaran.com\/autor\/wp-content\/uploads\/2025\/10\/OBJETO_02-300x300.jpg\"},{\"@type\":\"WebPage\",\"@id\":\"https:\/\/www.bascaran.com\/autor\/desastres-y-otros-juguetes\/#webpage\",\"url\":\"https:\/\/www.bascaran.com\/autor\/desastres-y-otros-juguetes\/\",\"name\":\"Desastres y otros juguetes - V&iacute;ctor Bascar&aacute;n\",\"isPartOf\":{\"@id\":\"https:\/\/www.bascaran.com\/autor\/#website\"},\"primaryImageOfPage\":{\"@id\":\"https:\/\/www.bascaran.com\/autor\/desastres-y-otros-juguetes\/#primaryimage\"},\"datePublished\":\"2025-10-22T21:09:50+00:00\",\"dateModified\":\"2025-10-22T21:35:04+00:00\",\"description\":\"Poes\\u00eda\",\"inLanguage\":\"es\",\"potentialAction\":[{\"@type\":\"ReadAction\",\"target\":[\"https:\/\/www.bascaran.com\/autor\/desastres-y-otros-juguetes\/\"]}]}]}<\/script>\n<!-- \/ Yoast SEO plugin. -->","_links":{"self":[{"href":"https:\/\/www.bascaran.com\/autor\/wp-json\/wp\/v2\/pages\/4467","targetHints":{"allow":["GET"]}}],"collection":[{"href":"https:\/\/www.bascaran.com\/autor\/wp-json\/wp\/v2\/pages"}],"about":[{"href":"https:\/\/www.bascaran.com\/autor\/wp-json\/wp\/v2\/types\/page"}],"author":[{"embeddable":true,"href":"https:\/\/www.bascaran.com\/autor\/wp-json\/wp\/v2\/users\/1"}],"replies":[{"embeddable":true,"href":"https:\/\/www.bascaran.com\/autor\/wp-json\/wp\/v2\/comments?post=4467"}],"version-history":[{"count":26,"href":"https:\/\/www.bascaran.com\/autor\/wp-json\/wp\/v2\/pages\/4467\/revisions"}],"predecessor-version":[{"id":4498,"href":"https:\/\/www.bascaran.com\/autor\/wp-json\/wp\/v2\/pages\/4467\/revisions\/4498"}],"wp:attachment":[{"href":"https:\/\/www.bascaran.com\/autor\/wp-json\/wp\/v2\/media?parent=4467"}],"curies":[{"name":"wp","href":"https:\/\/api.w.org\/{rel}","templated":true}]}}