{"id":4465,"date":"2025-10-22T23:09:12","date_gmt":"2025-10-22T21:09:12","guid":{"rendered":"http:\/\/www.bascaran.com\/autor\/?page_id=4465"},"modified":"2025-10-22T23:09:13","modified_gmt":"2025-10-22T21:09:13","slug":"poesia","status":"publish","type":"page","link":"https:\/\/www.bascaran.com\/autor\/poesia\/","title":{"rendered":"Poes\u00eda"},"content":{"rendered":"","protected":false},"excerpt":{"rendered":"","protected":false},"author":1,"featured_media":0,"parent":0,"menu_order":0,"comment_status":"closed","ping_status":"closed","template":"","meta":{"_coblocks_attr":"","_coblocks_dimensions":"","_coblocks_responsive_height":"","_coblocks_accordion_ie_support":"","footnotes":""},"class_list":["post-4465","page","type-page","status-publish","hentry"],"uagb_featured_image_src":{"full":false,"thumbnail":false,"medium":false,"medium_large":false,"large":false,"1536x1536":false,"2048x2048":false,"photograph-popular-post":false},"uagb_author_info":{"display_name":"admin","author_link":"https:\/\/www.bascaran.com\/autor\/author\/admin\/"},"uagb_comment_info":0,"uagb_excerpt":null,"yoast_head":"<!-- This site is optimized with the Yoast SEO plugin v15.2.1 - https:\/\/yoast.com\/wordpress\/plugins\/seo\/ -->\n<title>Poes\u00eda - V&iacute;ctor Bascar&aacute;n<\/title>\n<meta name=\"description\" content=\"Las fotos y v\u00eddeo de boda de tus sue\u00f1os. Fot\u00f3grafos en Valencia.\" \/>\n<meta name=\"robots\" content=\"index, follow, max-snippet:-1, max-image-preview:large, max-video-preview:-1\" \/>\n<link rel=\"canonical\" href=\"https:\/\/www.bascaran.com\/autor\/poesia\/\" \/>\n<meta property=\"og:locale\" content=\"es_ES\" \/>\n<meta property=\"og:type\" content=\"article\" \/>\n<meta property=\"og:title\" content=\"Poes\u00eda - V&iacute;ctor Bascar&aacute;n\" \/>\n<meta property=\"og:description\" content=\"Las fotos y v\u00eddeo de boda de tus sue\u00f1os. Fot\u00f3grafos en Valencia.\" \/>\n<meta property=\"og:url\" content=\"https:\/\/www.bascaran.com\/autor\/poesia\/\" \/>\n<meta property=\"og:site_name\" content=\"V&iacute;ctor Bascar&aacute;n\" \/>\n<meta property=\"article:publisher\" content=\"https:\/\/www.facebook.com\/bascaranfotografoboda\/\" \/>\n<meta property=\"article:author\" content=\"https:\/\/www.facebook.com\/bascaran.fotografos\" \/>\n<meta property=\"article:modified_time\" content=\"2025-10-22T21:09:13+00:00\" \/>\n<meta name=\"twitter:card\" content=\"summary_large_image\" \/>\n<meta name=\"twitter:label1\" content=\"Escrito por\">\n\t<meta name=\"twitter:data1\" content=\"admin\">\n<script type=\"application\/ld+json\" class=\"yoast-schema-graph\">{\"@context\":\"https:\/\/schema.org\",\"@graph\":[{\"@type\":\"Organization\",\"@id\":\"https:\/\/www.bascaran.com\/autor\/#organization\",\"name\":\"www.bascaran.com\",\"url\":\"https:\/\/www.bascaran.com\/autor\/\",\"sameAs\":[\"https:\/\/www.facebook.com\/bascaranfotografoboda\/\",\"https:\/\/www.instagram.com\/bascaran_fotografos\/\",\"https:\/\/www.youtube.com\/channel\/UCiATmKIXaiESUdOt1-xhIaA\"],\"logo\":{\"@type\":\"ImageObject\",\"@id\":\"https:\/\/www.bascaran.com\/autor\/#logo\",\"inLanguage\":\"es\",\"url\":\"\",\"caption\":\"www.bascaran.com\"},\"image\":{\"@id\":\"https:\/\/www.bascaran.com\/autor\/#logo\"}},{\"@type\":\"WebSite\",\"@id\":\"https:\/\/www.bascaran.com\/autor\/#website\",\"url\":\"https:\/\/www.bascaran.com\/autor\/\",\"name\":\"V&iacute;ctor Bascar&aacute;n\",\"description\":\"Artista visual\",\"publisher\":{\"@id\":\"https:\/\/www.bascaran.com\/autor\/#organization\"},\"potentialAction\":[{\"@type\":\"SearchAction\",\"target\":\"https:\/\/www.bascaran.com\/autor\/?s={search_term_string}\",\"query-input\":\"required name=search_term_string\"}],\"inLanguage\":\"es\"},{\"@type\":\"WebPage\",\"@id\":\"https:\/\/www.bascaran.com\/autor\/poesia\/#webpage\",\"url\":\"https:\/\/www.bascaran.com\/autor\/poesia\/\",\"name\":\"Poes\\u00eda - V&iacute;ctor Bascar&aacute;n\",\"isPartOf\":{\"@id\":\"https:\/\/www.bascaran.com\/autor\/#website\"},\"datePublished\":\"2025-10-22T21:09:12+00:00\",\"dateModified\":\"2025-10-22T21:09:13+00:00\",\"description\":\"Las fotos y v\\u00eddeo de boda de tus sue\\u00f1os. Fot\\u00f3grafos en Valencia.\",\"inLanguage\":\"es\",\"potentialAction\":[{\"@type\":\"ReadAction\",\"target\":[\"https:\/\/www.bascaran.com\/autor\/poesia\/\"]}]}]}<\/script>\n<!-- \/ Yoast SEO plugin. -->","_links":{"self":[{"href":"https:\/\/www.bascaran.com\/autor\/wp-json\/wp\/v2\/pages\/4465","targetHints":{"allow":["GET"]}}],"collection":[{"href":"https:\/\/www.bascaran.com\/autor\/wp-json\/wp\/v2\/pages"}],"about":[{"href":"https:\/\/www.bascaran.com\/autor\/wp-json\/wp\/v2\/types\/page"}],"author":[{"embeddable":true,"href":"https:\/\/www.bascaran.com\/autor\/wp-json\/wp\/v2\/users\/1"}],"replies":[{"embeddable":true,"href":"https:\/\/www.bascaran.com\/autor\/wp-json\/wp\/v2\/comments?post=4465"}],"version-history":[{"count":1,"href":"https:\/\/www.bascaran.com\/autor\/wp-json\/wp\/v2\/pages\/4465\/revisions"}],"predecessor-version":[{"id":4466,"href":"https:\/\/www.bascaran.com\/autor\/wp-json\/wp\/v2\/pages\/4465\/revisions\/4466"}],"wp:attachment":[{"href":"https:\/\/www.bascaran.com\/autor\/wp-json\/wp\/v2\/media?parent=4465"}],"curies":[{"name":"wp","href":"https:\/\/api.w.org\/{rel}","templated":true}]}}