{"id":3032,"date":"2020-11-14T15:33:14","date_gmt":"2020-11-14T14:33:14","guid":{"rendered":"http:\/\/www.bascaran.com\/autor\/?page_id=3032"},"modified":"2020-11-14T17:46:15","modified_gmt":"2020-11-14T16:46:15","slug":"porfolio","status":"publish","type":"page","link":"https:\/\/www.bascaran.com\/autor\/porfolio\/","title":{"rendered":"Portfolio"},"content":{"rendered":"\t\t<div data-elementor-type=\"wp-page\" data-elementor-id=\"3032\" class=\"elementor elementor-3032\">\n\t\t\t\t\t\t<section class=\"elementor-section elementor-top-section elementor-element elementor-element-3d64865c elementor-section-boxed elementor-section-height-default elementor-section-height-default\" data-id=\"3d64865c\" data-element_type=\"section\" data-e-type=\"section\">\n\t\t\t\t\t\t<div class=\"elementor-container elementor-column-gap-default\">\n\t\t\t\t\t<div class=\"elementor-column elementor-col-100 elementor-top-column elementor-element elementor-element-52e6bde0\" data-id=\"52e6bde0\" data-element_type=\"column\" data-e-type=\"column\">\n\t\t\t<div class=\"elementor-widget-wrap elementor-element-populated\">\n\t\t\t\t\t\t<div class=\"elementor-element elementor-element-1e838f0f elementor-widget elementor-widget-text-editor\" data-id=\"1e838f0f\" data-element_type=\"widget\" data-e-type=\"widget\" data-widget_type=\"text-editor.default\">\n\t\t\t\t<div class=\"elementor-widget-container\">\n\t\t\t\t\t\t\t\t\t\n<div class=\"wp-block-coblocks-gallery-collage has-caption-style-dark has-lightbox has-small-gutter\">\n<ul>\n<li class=\"wp-block-coblocks-gallery-collage__item item-1\">\n<figure class=\"wp-block-coblocks-gallery-collage__figure\"><img decoding=\"async\" class=\"alignnone wp-image-3117 size-medium\" src=\"http:\/\/www.bascaran.com\/autor\/wp-content\/uploads\/2020\/04\/fondo_09-2-300x154.jpg\" alt=\"\" width=\"300\" height=\"154\" data-index=\"0\" data-id=\"2992\" data-imglink=\"\" data-link=\"http:\/\/www.bascaran.com\/autor\/641-2\/fondo_09-2\/\" srcset=\"https:\/\/www.bascaran.com\/autor\/wp-content\/uploads\/2020\/04\/fondo_09-2-300x154.jpg 300w, https:\/\/www.bascaran.com\/autor\/wp-content\/uploads\/2020\/04\/fondo_09-2-1600x820.jpg 1600w, https:\/\/www.bascaran.com\/autor\/wp-content\/uploads\/2020\/04\/fondo_09-2-768x393.jpg 768w, https:\/\/www.bascaran.com\/autor\/wp-content\/uploads\/2020\/04\/fondo_09-2-1536x787.jpg 1536w, https:\/\/www.bascaran.com\/autor\/wp-content\/uploads\/2020\/04\/fondo_09-2.jpg 1952w\" sizes=\"(max-width: 300px) 100vw, 300px\" \/>\n<figcaption class=\"wp-block-coblocks-gallery-collage__caption\">Paisajes<\/figcaption>\n<\/figure>\n<\/li>\n<li class=\"wp-block-coblocks-gallery-collage__item item-2\">\n<figure class=\"wp-block-coblocks-gallery-collage__figure\"><a href=\"http:\/\/www.bascaran.com\/autor\/porfolio\/poetica\"><img fetchpriority=\"high\" decoding=\"async\" width=\"1600\" height=\"1067\" class=\"wp-image-2099\" src=\"http:\/\/www.bascaran.com\/autor\/wp-content\/uploads\/2020\/04\/fotografia_artistica_valencia_09-1600x1067.jpg\" alt=\"\" data-index=\"1\" data-id=\"2099\" data-imglink=\"\" data-link=\"http:\/\/www.bascaran.com\/autor\/fotografia_artistica_valencia_09\/\" srcset=\"https:\/\/www.bascaran.com\/autor\/wp-content\/uploads\/2020\/04\/fotografia_artistica_valencia_09.jpg 1600w, https:\/\/www.bascaran.com\/autor\/wp-content\/uploads\/2020\/04\/fotografia_artistica_valencia_09-300x200.jpg 300w, https:\/\/www.bascaran.com\/autor\/wp-content\/uploads\/2020\/04\/fotografia_artistica_valencia_09-768x512.jpg 768w, https:\/\/www.bascaran.com\/autor\/wp-content\/uploads\/2020\/04\/fotografia_artistica_valencia_09-600x400.jpg 600w, https:\/\/www.bascaran.com\/autor\/wp-content\/uploads\/2020\/04\/fotografia_artistica_valencia_09-1536x1024.jpg 1536w\" sizes=\"(max-width: 1600px) 100vw, 1600px\" \/><\/a>\n<figcaption class=\"wp-block-coblocks-gallery-collage__caption\">Po\u00e9tica<\/figcaption>\n<\/figure>\n<\/li>\n<li class=\"wp-block-coblocks-gallery-collage__item item-3\">\n<figure class=\"wp-block-coblocks-gallery-collage__figure\"><a href=\"http:\/\/www.bascaran.com\/autor\/porfolio\/retratos\"><img decoding=\"async\" width=\"1600\" height=\"1067\" class=\"wp-image-2034\" src=\"http:\/\/www.bascaran.com\/autor\/wp-content\/uploads\/2020\/04\/fotografo_retrato_valencia_04-1600x1067.jpg\" alt=\"\" data-index=\"2\" data-id=\"2034\" data-imglink=\"\" data-link=\"http:\/\/www.bascaran.com\/autor\/fotografo_retrato_valencia_04\/\" srcset=\"https:\/\/www.bascaran.com\/autor\/wp-content\/uploads\/2020\/04\/fotografo_retrato_valencia_04.jpg 1600w, https:\/\/www.bascaran.com\/autor\/wp-content\/uploads\/2020\/04\/fotografo_retrato_valencia_04-300x200.jpg 300w, https:\/\/www.bascaran.com\/autor\/wp-content\/uploads\/2020\/04\/fotografo_retrato_valencia_04-768x512.jpg 768w, https:\/\/www.bascaran.com\/autor\/wp-content\/uploads\/2020\/04\/fotografo_retrato_valencia_04-600x400.jpg 600w, https:\/\/www.bascaran.com\/autor\/wp-content\/uploads\/2020\/04\/fotografo_retrato_valencia_04-1536x1024.jpg 1536w\" sizes=\"(max-width: 1600px) 100vw, 1600px\" \/><\/a>\n<figcaption class=\"wp-block-coblocks-gallery-collage__caption\">Retratos<\/figcaption>\n<\/figure>\n<\/li>\n<li class=\"wp-block-coblocks-gallery-collage__item item-4\">\n<figure class=\"wp-block-coblocks-gallery-collage__figure\"><a href=\"http:\/\/www.bascaran.com\/autor\/porfolio\/poetica\/hemeraynyx\"><img loading=\"lazy\" decoding=\"async\" width=\"1600\" height=\"1067\" class=\"wp-image-2120\" src=\"http:\/\/www.bascaran.com\/autor\/wp-content\/uploads\/2020\/04\/fotografia_artistica_valencia_30-1600x1067.jpg\" alt=\"\" data-index=\"3\" data-id=\"2120\" data-imglink=\"\" data-link=\"http:\/\/www.bascaran.com\/autor\/fotografia_artistica_valencia_30\/\" srcset=\"https:\/\/www.bascaran.com\/autor\/wp-content\/uploads\/2020\/04\/fotografia_artistica_valencia_30.jpg 1600w, https:\/\/www.bascaran.com\/autor\/wp-content\/uploads\/2020\/04\/fotografia_artistica_valencia_30-300x200.jpg 300w, https:\/\/www.bascaran.com\/autor\/wp-content\/uploads\/2020\/04\/fotografia_artistica_valencia_30-768x512.jpg 768w, https:\/\/www.bascaran.com\/autor\/wp-content\/uploads\/2020\/04\/fotografia_artistica_valencia_30-600x400.jpg 600w, https:\/\/www.bascaran.com\/autor\/wp-content\/uploads\/2020\/04\/fotografia_artistica_valencia_30-1536x1024.jpg 1536w\" sizes=\"(max-width: 1600px) 100vw, 1600px\" \/><\/a>\n<figcaption class=\"wp-block-coblocks-gallery-collage__caption\">H\u00e9mera y Nyx<\/figcaption>\n<\/figure>\n<\/li>\n<li class=\"wp-block-coblocks-gallery-collage__item item-5\">\n<figure class=\"wp-block-coblocks-gallery-collage__figure\"><a href=\"http:\/\/www.bascaran.com\/autor\/porfolio\/poetica\/contratiempo\"><img loading=\"lazy\" decoding=\"async\" width=\"1600\" height=\"1067\" class=\"wp-image-2109\" src=\"http:\/\/www.bascaran.com\/autor\/wp-content\/uploads\/2020\/04\/fotografia_artistica_valencia_20-1600x1067.jpg\" alt=\"\" data-index=\"4\" data-id=\"2109\" data-imglink=\"\" data-link=\"http:\/\/www.bascaran.com\/autor\/fotografia_artistica_valencia_20\/\" srcset=\"https:\/\/www.bascaran.com\/autor\/wp-content\/uploads\/2020\/04\/fotografia_artistica_valencia_20.jpg 1600w, https:\/\/www.bascaran.com\/autor\/wp-content\/uploads\/2020\/04\/fotografia_artistica_valencia_20-300x200.jpg 300w, https:\/\/www.bascaran.com\/autor\/wp-content\/uploads\/2020\/04\/fotografia_artistica_valencia_20-768x512.jpg 768w, https:\/\/www.bascaran.com\/autor\/wp-content\/uploads\/2020\/04\/fotografia_artistica_valencia_20-600x400.jpg 600w, https:\/\/www.bascaran.com\/autor\/wp-content\/uploads\/2020\/04\/fotografia_artistica_valencia_20-1536x1024.jpg 1536w\" sizes=\"(max-width: 1600px) 100vw, 1600px\" \/><\/a>\n<figcaption class=\"wp-block-coblocks-gallery-collage__caption\">Contratiempo<\/figcaption>\n<\/figure>\n<\/li>\n<\/ul>\n<\/div>\n\t\t\t\t\t\t\t\t<\/div>\n\t\t\t\t<\/div>\n\t\t\t\t\t<\/div>\n\t\t<\/div>\n\t\t\t\t\t<\/div>\n\t\t<\/section>\n\t\t\t\t<\/div>\n\t\t","protected":false},"excerpt":{"rendered":"","protected":false},"author":1,"featured_media":0,"parent":0,"menu_order":0,"comment_status":"closed","ping_status":"closed","template":"","meta":{"_coblocks_attr":"","_coblocks_dimensions":"","_coblocks_responsive_height":"","_coblocks_accordion_ie_support":"","footnotes":""},"class_list":["post-3032","page","type-page","status-publish","hentry"],"uagb_featured_image_src":{"full":false,"thumbnail":false,"medium":false,"medium_large":false,"large":false,"1536x1536":false,"2048x2048":false,"photograph-popular-post":false},"uagb_author_info":{"display_name":"admin","author_link":"https:\/\/www.bascaran.com\/autor\/author\/admin\/"},"uagb_comment_info":0,"uagb_excerpt":null,"yoast_head":"<!-- This site is optimized with the Yoast SEO plugin v15.2.1 - https:\/\/yoast.com\/wordpress\/plugins\/seo\/ -->\n<title>Portfolio - V&iacute;ctor Bascar&aacute;n<\/title>\n<meta name=\"description\" content=\"Las fotos y v\u00eddeo de boda de tus sue\u00f1os. Fot\u00f3grafos en Valencia.\" \/>\n<meta name=\"robots\" content=\"index, follow, max-snippet:-1, max-image-preview:large, max-video-preview:-1\" \/>\n<link rel=\"canonical\" href=\"https:\/\/www.bascaran.com\/autor\/porfolio\/\" \/>\n<meta property=\"og:locale\" content=\"es_ES\" \/>\n<meta property=\"og:type\" content=\"article\" \/>\n<meta property=\"og:title\" content=\"Portfolio - V&iacute;ctor Bascar&aacute;n\" \/>\n<meta property=\"og:description\" content=\"Las fotos y v\u00eddeo de boda de tus sue\u00f1os. Fot\u00f3grafos en Valencia.\" \/>\n<meta property=\"og:url\" content=\"https:\/\/www.bascaran.com\/autor\/porfolio\/\" \/>\n<meta property=\"og:site_name\" content=\"V&iacute;ctor Bascar&aacute;n\" \/>\n<meta property=\"article:publisher\" content=\"https:\/\/www.facebook.com\/bascaranfotografoboda\/\" \/>\n<meta property=\"article:author\" content=\"https:\/\/www.facebook.com\/bascaran.fotografos\" \/>\n<meta property=\"article:modified_time\" content=\"2020-11-14T16:46:15+00:00\" \/>\n<meta property=\"og:image\" content=\"http:\/\/www.bascaran.com\/autor\/wp-content\/uploads\/2020\/04\/fondo_09-2-300x154.jpg\" \/>\n<meta name=\"twitter:card\" content=\"summary_large_image\" \/>\n<meta name=\"twitter:label1\" content=\"Escrito por\">\n\t<meta name=\"twitter:data1\" content=\"admin\">\n\t<meta name=\"twitter:label2\" content=\"Tiempo de lectura\">\n\t<meta name=\"twitter:data2\" content=\"0 minutos\">\n<script type=\"application\/ld+json\" class=\"yoast-schema-graph\">{\"@context\":\"https:\/\/schema.org\",\"@graph\":[{\"@type\":\"Organization\",\"@id\":\"https:\/\/www.bascaran.com\/autor\/#organization\",\"name\":\"www.bascaran.com\",\"url\":\"https:\/\/www.bascaran.com\/autor\/\",\"sameAs\":[\"https:\/\/www.facebook.com\/bascaranfotografoboda\/\",\"https:\/\/www.instagram.com\/bascaran_fotografos\/\",\"https:\/\/www.youtube.com\/channel\/UCiATmKIXaiESUdOt1-xhIaA\"],\"logo\":{\"@type\":\"ImageObject\",\"@id\":\"https:\/\/www.bascaran.com\/autor\/#logo\",\"inLanguage\":\"es\",\"url\":\"\",\"caption\":\"www.bascaran.com\"},\"image\":{\"@id\":\"https:\/\/www.bascaran.com\/autor\/#logo\"}},{\"@type\":\"WebSite\",\"@id\":\"https:\/\/www.bascaran.com\/autor\/#website\",\"url\":\"https:\/\/www.bascaran.com\/autor\/\",\"name\":\"V&iacute;ctor Bascar&aacute;n\",\"description\":\"Artista visual\",\"publisher\":{\"@id\":\"https:\/\/www.bascaran.com\/autor\/#organization\"},\"potentialAction\":[{\"@type\":\"SearchAction\",\"target\":\"https:\/\/www.bascaran.com\/autor\/?s={search_term_string}\",\"query-input\":\"required name=search_term_string\"}],\"inLanguage\":\"es\"},{\"@type\":\"ImageObject\",\"@id\":\"https:\/\/www.bascaran.com\/autor\/porfolio\/#primaryimage\",\"inLanguage\":\"es\",\"url\":\"http:\/\/www.bascaran.com\/autor\/wp-content\/uploads\/2020\/04\/fondo_09-2-300x154.jpg\"},{\"@type\":\"WebPage\",\"@id\":\"https:\/\/www.bascaran.com\/autor\/porfolio\/#webpage\",\"url\":\"https:\/\/www.bascaran.com\/autor\/porfolio\/\",\"name\":\"Portfolio - V&iacute;ctor Bascar&aacute;n\",\"isPartOf\":{\"@id\":\"https:\/\/www.bascaran.com\/autor\/#website\"},\"primaryImageOfPage\":{\"@id\":\"https:\/\/www.bascaran.com\/autor\/porfolio\/#primaryimage\"},\"datePublished\":\"2020-11-14T14:33:14+00:00\",\"dateModified\":\"2020-11-14T16:46:15+00:00\",\"description\":\"Las fotos y v\\u00eddeo de boda de tus sue\\u00f1os. Fot\\u00f3grafos en Valencia.\",\"inLanguage\":\"es\",\"potentialAction\":[{\"@type\":\"ReadAction\",\"target\":[\"https:\/\/www.bascaran.com\/autor\/porfolio\/\"]}]}]}<\/script>\n<!-- \/ Yoast SEO plugin. -->","_links":{"self":[{"href":"https:\/\/www.bascaran.com\/autor\/wp-json\/wp\/v2\/pages\/3032","targetHints":{"allow":["GET"]}}],"collection":[{"href":"https:\/\/www.bascaran.com\/autor\/wp-json\/wp\/v2\/pages"}],"about":[{"href":"https:\/\/www.bascaran.com\/autor\/wp-json\/wp\/v2\/types\/page"}],"author":[{"embeddable":true,"href":"https:\/\/www.bascaran.com\/autor\/wp-json\/wp\/v2\/users\/1"}],"replies":[{"embeddable":true,"href":"https:\/\/www.bascaran.com\/autor\/wp-json\/wp\/v2\/comments?post=3032"}],"version-history":[{"count":17,"href":"https:\/\/www.bascaran.com\/autor\/wp-json\/wp\/v2\/pages\/3032\/revisions"}],"predecessor-version":[{"id":3120,"href":"https:\/\/www.bascaran.com\/autor\/wp-json\/wp\/v2\/pages\/3032\/revisions\/3120"}],"wp:attachment":[{"href":"https:\/\/www.bascaran.com\/autor\/wp-json\/wp\/v2\/media?parent=3032"}],"curies":[{"name":"wp","href":"https:\/\/api.w.org\/{rel}","templated":true}]}}