{"id":156,"date":"2018-01-20T20:59:17","date_gmt":"2018-01-20T19:59:17","guid":{"rendered":"http:\/\/www.bascaran.com\/autor\/?page_id=156"},"modified":"2025-10-24T13:42:49","modified_gmt":"2025-10-24T11:42:49","slug":"inicio","status":"publish","type":"page","link":"https:\/\/www.bascaran.com\/autor\/","title":{"rendered":"Inicio"},"content":{"rendered":"\t\t<div data-elementor-type=\"wp-page\" data-elementor-id=\"156\" class=\"elementor elementor-156\">\n\t\t\t\t\t\t<section class=\"elementor-section elementor-top-section elementor-element elementor-element-e62b1c4 elementor-section-full_width elementor-section-stretched elementor-section-height-default elementor-section-height-default\" data-id=\"e62b1c4\" data-element_type=\"section\" data-e-type=\"section\" data-settings=\"{&quot;stretch_section&quot;:&quot;section-stretched&quot;}\">\n\t\t\t\t\t\t<div class=\"elementor-container elementor-column-gap-no\">\n\t\t\t\t\t<div class=\"elementor-column elementor-col-100 elementor-top-column elementor-element elementor-element-b9dfa3a\" data-id=\"b9dfa3a\" data-element_type=\"column\" data-e-type=\"column\">\n\t\t\t<div class=\"elementor-widget-wrap elementor-element-populated\">\n\t\t\t\t\t\t<div class=\"elementor-element elementor-element-7a8c5a3 elementor-widget elementor-widget-wp-widget-media_video\" data-id=\"7a8c5a3\" data-element_type=\"widget\" data-e-type=\"widget\" data-widget_type=\"wp-widget-media_video.default\">\n\t\t\t\t<div class=\"elementor-widget-container\">\n\t\t\t\t\t<div style=\"width:100%;\" class=\"wp-video\"><!--[if lt IE 9]><script>document.createElement('video');<\/script><![endif]-->\n<video class=\"wp-video-shortcode\" id=\"video-156-1\" preload=\"metadata\" controls=\"controls\"><source type=\"video\/youtube\" src=\"https:\/\/www.youtube.com\/watch?v=EEV_2DgjgkQ&#038;_=1\" \/><a href=\"https:\/\/www.youtube.com\/watch?v=EEV_2DgjgkQ\">https:\/\/www.youtube.com\/watch?v=EEV_2DgjgkQ<\/a><\/video><\/div>\t\t\t\t<\/div>\n\t\t\t\t<\/div>\n\t\t\t\t\t<\/div>\n\t\t<\/div>\n\t\t\t\t\t<\/div>\n\t\t<\/section>\n\t\t\t\t<section class=\"elementor-section elementor-top-section elementor-element elementor-element-283bd20 elementor-section-full_width elementor-section-stretched elementor-section-height-default elementor-section-height-default\" data-id=\"283bd20\" data-element_type=\"section\" data-e-type=\"section\" data-settings=\"{&quot;stretch_section&quot;:&quot;section-stretched&quot;}\">\n\t\t\t\t\t\t<div class=\"elementor-container elementor-column-gap-no\">\n\t\t\t\t\t<div class=\"elementor-column elementor-col-100 elementor-top-column elementor-element elementor-element-f7bf02b\" data-id=\"f7bf02b\" data-element_type=\"column\" data-e-type=\"column\">\n\t\t\t<div class=\"elementor-widget-wrap elementor-element-populated\">\n\t\t\t\t\t\t<div class=\"elementor-element elementor-element-823732b elementor-widget elementor-widget-wp-widget-media_video\" data-id=\"823732b\" data-element_type=\"widget\" data-e-type=\"widget\" data-widget_type=\"wp-widget-media_video.default\">\n\t\t\t\t<div class=\"elementor-widget-container\">\n\t\t\t\t\t<div style=\"width:100%;\" class=\"wp-video\"><video class=\"wp-video-shortcode\" id=\"video-156-2\" preload=\"metadata\" controls=\"controls\"><source type=\"video\/vimeo\" src=\"https:\/\/vimeo.com\/263197403?loop=0&#038;_=2\" \/><a href=\"https:\/\/vimeo.com\/263197403?loop=0\">https:\/\/vimeo.com\/263197403?loop=0<\/a><\/video><\/div>\t\t\t\t<\/div>\n\t\t\t\t<\/div>\n\t\t\t\t\t<\/div>\n\t\t<\/div>\n\t\t\t\t\t<\/div>\n\t\t<\/section>\n\t\t\t\t<section class=\"elementor-section elementor-top-section elementor-element elementor-element-bd7981d elementor-section-full_width elementor-section-stretched elementor-section-height-default elementor-section-height-default\" data-id=\"bd7981d\" data-element_type=\"section\" data-e-type=\"section\" data-settings=\"{&quot;stretch_section&quot;:&quot;section-stretched&quot;}\">\n\t\t\t\t\t\t<div class=\"elementor-container elementor-column-gap-default\">\n\t\t\t\t\t<div class=\"elementor-column elementor-col-100 elementor-top-column elementor-element elementor-element-5d35b07\" data-id=\"5d35b07\" data-element_type=\"column\" data-e-type=\"column\">\n\t\t\t<div class=\"elementor-widget-wrap elementor-element-populated\">\n\t\t\t\t\t\t<div class=\"elementor-element elementor-element-d3f0d43 elementor-widget elementor-widget-spacer\" data-id=\"d3f0d43\" data-element_type=\"widget\" data-e-type=\"widget\" data-widget_type=\"spacer.default\">\n\t\t\t\t<div class=\"elementor-widget-container\">\n\t\t\t\t\t\t\t<div class=\"elementor-spacer\">\n\t\t\t<div class=\"elementor-spacer-inner\"><\/div>\n\t\t<\/div>\n\t\t\t\t\t\t<\/div>\n\t\t\t\t<\/div>\n\t\t\t\t\t<\/div>\n\t\t<\/div>\n\t\t\t\t\t<\/div>\n\t\t<\/section>\n\t\t\t\t<section class=\"elementor-section elementor-top-section elementor-element elementor-element-91d6a3f elementor-section-full_width elementor-section-height-default elementor-section-height-default\" data-id=\"91d6a3f\" data-element_type=\"section\" data-e-type=\"section\">\n\t\t\t\t\t\t<div class=\"elementor-container elementor-column-gap-default\">\n\t\t\t\t\t<div class=\"elementor-column elementor-col-100 elementor-top-column elementor-element elementor-element-69150f0\" data-id=\"69150f0\" data-element_type=\"column\" data-e-type=\"column\">\n\t\t\t<div class=\"elementor-widget-wrap elementor-element-populated\">\n\t\t\t\t\t\t<div class=\"elementor-element elementor-element-e9421a2 elementor-widget elementor-widget-image\" data-id=\"e9421a2\" data-element_type=\"widget\" data-e-type=\"widget\" data-widget_type=\"image.default\">\n\t\t\t\t<div class=\"elementor-widget-container\">\n\t\t\t\t\t\t\t\t\t\t\t\t\t\t\t<img fetchpriority=\"high\" decoding=\"async\" width=\"1600\" height=\"1067\" src=\"https:\/\/www.bascaran.com\/autor\/wp-content\/uploads\/2025\/10\/R8A1695.jpg\" class=\"attachment-full size-full wp-image-4454\" alt=\"\" srcset=\"https:\/\/www.bascaran.com\/autor\/wp-content\/uploads\/2025\/10\/R8A1695.jpg 1600w, https:\/\/www.bascaran.com\/autor\/wp-content\/uploads\/2025\/10\/R8A1695-300x200.jpg 300w, https:\/\/www.bascaran.com\/autor\/wp-content\/uploads\/2025\/10\/R8A1695-768x512.jpg 768w, https:\/\/www.bascaran.com\/autor\/wp-content\/uploads\/2025\/10\/R8A1695-1536x1024.jpg 1536w\" sizes=\"(max-width: 1600px) 100vw, 1600px\" \/>\t\t\t\t\t\t\t\t\t\t\t\t\t\t\t<\/div>\n\t\t\t\t<\/div>\n\t\t\t\t\t<\/div>\n\t\t<\/div>\n\t\t\t\t\t<\/div>\n\t\t<\/section>\n\t\t\t\t<section class=\"elementor-section elementor-top-section elementor-element elementor-element-1dd5c60 elementor-section-boxed elementor-section-height-default elementor-section-height-default\" data-id=\"1dd5c60\" data-element_type=\"section\" data-e-type=\"section\">\n\t\t\t\t\t\t<div class=\"elementor-container elementor-column-gap-default\">\n\t\t\t\t\t<div class=\"elementor-column elementor-col-100 elementor-top-column elementor-element elementor-element-6dc25cf\" data-id=\"6dc25cf\" data-element_type=\"column\" data-e-type=\"column\">\n\t\t\t<div class=\"elementor-widget-wrap elementor-element-populated\">\n\t\t\t\t\t\t<div class=\"elementor-element elementor-element-18cd4ed elementor-widget elementor-widget-text-editor\" data-id=\"18cd4ed\" data-element_type=\"widget\" data-e-type=\"widget\" data-widget_type=\"text-editor.default\">\n\t\t\t\t<div class=\"elementor-widget-container\">\n\t\t\t\t\t\t\t\t\t<p style=\"text-align: center;\"><em>Paisajes y esc\u00e9nicos fragmentos de mi mismo,<\/em><br \/><em>de la luz hacia el polvo,<\/em><br \/><em>ilustraci\u00f3n como boceto ilustre de f\u00e1vula<\/em><br \/><em>de gallos borrosos y fractales recuerdos<\/em><br \/><em>de arenas y pozos,<\/em><br \/><em>de momentos de corcho y jolgorio,<\/em><br \/><em>de disfraces y trucos o tratos,<\/em><br \/><em>de resaca.<\/em><\/p>\t\t\t\t\t\t\t\t<\/div>\n\t\t\t\t<\/div>\n\t\t\t\t\t<\/div>\n\t\t<\/div>\n\t\t\t\t\t<\/div>\n\t\t<\/section>\n\t\t\t\t<section class=\"elementor-section elementor-top-section elementor-element elementor-element-46be8cb elementor-section-boxed elementor-section-height-default elementor-section-height-default\" data-id=\"46be8cb\" data-element_type=\"section\" data-e-type=\"section\">\n\t\t\t\t\t\t<div class=\"elementor-container elementor-column-gap-default\">\n\t\t\t\t\t<div class=\"elementor-column elementor-col-100 elementor-top-column elementor-element elementor-element-57b7ff5\" data-id=\"57b7ff5\" data-element_type=\"column\" data-e-type=\"column\">\n\t\t\t<div class=\"elementor-widget-wrap elementor-element-populated\">\n\t\t\t\t\t\t<div class=\"elementor-element elementor-element-569fa48 elementor-widget elementor-widget-spacer\" data-id=\"569fa48\" data-element_type=\"widget\" data-e-type=\"widget\" data-widget_type=\"spacer.default\">\n\t\t\t\t<div class=\"elementor-widget-container\">\n\t\t\t\t\t\t\t<div class=\"elementor-spacer\">\n\t\t\t<div class=\"elementor-spacer-inner\"><\/div>\n\t\t<\/div>\n\t\t\t\t\t\t<\/div>\n\t\t\t\t<\/div>\n\t\t\t\t\t<\/div>\n\t\t<\/div>\n\t\t\t\t\t<\/div>\n\t\t<\/section>\n\t\t\t\t<section class=\"elementor-section elementor-top-section elementor-element elementor-element-9c43dce elementor-section-boxed elementor-section-height-default elementor-section-height-default\" data-id=\"9c43dce\" data-element_type=\"section\" data-e-type=\"section\">\n\t\t\t\t\t\t<div class=\"elementor-container elementor-column-gap-default\">\n\t\t\t\t\t<div class=\"elementor-column elementor-col-100 elementor-top-column elementor-element elementor-element-f321f6b\" data-id=\"f321f6b\" data-element_type=\"column\" data-e-type=\"column\">\n\t\t\t<div class=\"elementor-widget-wrap elementor-element-populated\">\n\t\t\t\t\t\t<div class=\"elementor-element elementor-element-5de8426 elementor-shape-rounded elementor-grid-0 e-grid-align-center elementor-widget elementor-widget-social-icons\" data-id=\"5de8426\" data-element_type=\"widget\" data-e-type=\"widget\" data-widget_type=\"social-icons.default\">\n\t\t\t\t<div class=\"elementor-widget-container\">\n\t\t\t\t\t\t\t<div class=\"elementor-social-icons-wrapper elementor-grid\" role=\"list\">\n\t\t\t\t\t\t\t<span class=\"elementor-grid-item\" role=\"listitem\">\n\t\t\t\t\t<a class=\"elementor-icon elementor-social-icon elementor-social-icon-instagram elementor-repeater-item-33475ac\" href=\"https:\/\/www.instagram.com\/victor_bascaran\/\" target=\"_blank\">\n\t\t\t\t\t\t<span class=\"elementor-screen-only\">Instagram<\/span>\n\t\t\t\t\t\t<i aria-hidden=\"true\" class=\"fab fa-instagram\"><\/i>\t\t\t\t\t<\/a>\n\t\t\t\t<\/span>\n\t\t\t\t\t\t\t<span class=\"elementor-grid-item\" role=\"listitem\">\n\t\t\t\t\t<a class=\"elementor-icon elementor-social-icon elementor-social-icon-facebook elementor-repeater-item-8a83c84\" href=\"https:\/\/www.facebook.com\/victorbascaranartista\" target=\"_blank\">\n\t\t\t\t\t\t<span class=\"elementor-screen-only\">Facebook<\/span>\n\t\t\t\t\t\t<i aria-hidden=\"true\" class=\"fab fa-facebook\"><\/i>\t\t\t\t\t<\/a>\n\t\t\t\t<\/span>\n\t\t\t\t\t\t\t<span class=\"elementor-grid-item\" role=\"listitem\">\n\t\t\t\t\t<a class=\"elementor-icon elementor-social-icon elementor-social-icon-youtube elementor-repeater-item-3847809\" href=\"https:\/\/www.youtube.com\/@victorbascaran3013\" target=\"_blank\">\n\t\t\t\t\t\t<span class=\"elementor-screen-only\">Youtube<\/span>\n\t\t\t\t\t\t<i aria-hidden=\"true\" class=\"fab fa-youtube\"><\/i>\t\t\t\t\t<\/a>\n\t\t\t\t<\/span>\n\t\t\t\t\t<\/div>\n\t\t\t\t\t\t<\/div>\n\t\t\t\t<\/div>\n\t\t\t\t\t<\/div>\n\t\t<\/div>\n\t\t\t\t\t<\/div>\n\t\t<\/section>\n\t\t\t\t<\/div>\n\t\t","protected":false},"excerpt":{"rendered":"<p>Paisajes y esc\u00e9nicos fragmentos de mi mismo,de la luz hacia el polvo,ilustraci\u00f3n como boceto ilustre de f\u00e1vulade gallos borrosos y fractales recuerdosde arenas y pozos,de&hellip; <\/p>\n","protected":false},"author":1,"featured_media":4561,"parent":0,"menu_order":1,"comment_status":"closed","ping_status":"closed","template":"","meta":{"_coblocks_attr":"","_coblocks_dimensions":"","_coblocks_responsive_height":"","_coblocks_accordion_ie_support":"","footnotes":""},"class_list":["post-156","page","type-page","status-publish","has-post-thumbnail","hentry"],"uagb_featured_image_src":{"full":["https:\/\/www.bascaran.com\/autor\/wp-content\/uploads\/2025\/10\/R8A1695-copia.jpg",1600,1067,false],"thumbnail":["https:\/\/www.bascaran.com\/autor\/wp-content\/uploads\/2025\/10\/R8A1695-copia-300x300.jpg",300,300,true],"medium":["https:\/\/www.bascaran.com\/autor\/wp-content\/uploads\/2025\/10\/R8A1695-copia-300x200.jpg",300,200,true],"medium_large":["https:\/\/www.bascaran.com\/autor\/wp-content\/uploads\/2025\/10\/R8A1695-copia-768x512.jpg",768,512,true],"large":["https:\/\/www.bascaran.com\/autor\/wp-content\/uploads\/2025\/10\/R8A1695-copia-1600x1067.jpg",1600,1067,true],"1536x1536":["https:\/\/www.bascaran.com\/autor\/wp-content\/uploads\/2025\/10\/R8A1695-copia-1536x1024.jpg",1536,1024,true],"2048x2048":["https:\/\/www.bascaran.com\/autor\/wp-content\/uploads\/2025\/10\/R8A1695-copia.jpg",1600,1067,false],"photograph-popular-post":["https:\/\/www.bascaran.com\/autor\/wp-content\/uploads\/2025\/10\/R8A1695-copia-75x75.jpg",75,75,true]},"uagb_author_info":{"display_name":"admin","author_link":"https:\/\/www.bascaran.com\/autor\/author\/admin\/"},"uagb_comment_info":0,"uagb_excerpt":"Paisajes y esc\u00e9nicos fragmentos de mi mismo,de la luz hacia el polvo,ilustraci\u00f3n como boceto ilustre de f\u00e1vulade gallos borrosos y fractales recuerdosde arenas y pozos,de&hellip;","yoast_head":"<!-- This site is optimized with the Yoast SEO plugin v15.2.1 - https:\/\/yoast.com\/wordpress\/plugins\/seo\/ -->\n<title>V&iacute;ctor Bascar&aacute;n<\/title>\n<meta name=\"description\" content=\"Artista visual multidisciplinar. Su obra explora luz, espacio y pensamiento en un di\u00e1logo entre arte, arquitectura y emoci\u00f3n.\" \/>\n<meta name=\"robots\" content=\"index, follow, max-snippet:-1, max-image-preview:large, max-video-preview:-1\" \/>\n<link rel=\"canonical\" href=\"https:\/\/www.bascaran.com\/autor\/\" \/>\n<meta property=\"og:locale\" content=\"es_ES\" \/>\n<meta property=\"og:type\" content=\"article\" \/>\n<meta property=\"og:title\" content=\"V&iacute;ctor Bascar&aacute;n\" \/>\n<meta property=\"og:description\" content=\"Artista visual multidisciplinar. Su obra explora luz, espacio y pensamiento en un di\u00e1logo entre arte, arquitectura y emoci\u00f3n.\" \/>\n<meta property=\"og:url\" content=\"https:\/\/www.bascaran.com\/autor\/\" \/>\n<meta property=\"og:site_name\" content=\"V&iacute;ctor Bascar&aacute;n\" \/>\n<meta property=\"article:publisher\" content=\"https:\/\/www.facebook.com\/bascaranfotografoboda\/\" \/>\n<meta property=\"article:author\" content=\"https:\/\/www.facebook.com\/bascaran.fotografos\" \/>\n<meta property=\"article:modified_time\" content=\"2025-10-24T11:42:49+00:00\" \/>\n<meta property=\"og:image\" content=\"https:\/\/www.bascaran.com\/autor\/wp-content\/uploads\/2025\/10\/R8A1695-copia.jpg\" \/>\n\t<meta property=\"og:image:width\" content=\"1600\" \/>\n\t<meta property=\"og:image:height\" content=\"1067\" \/>\n<meta name=\"twitter:card\" content=\"summary_large_image\" \/>\n<meta name=\"twitter:label1\" content=\"Escrito por\">\n\t<meta name=\"twitter:data1\" content=\"admin\">\n\t<meta name=\"twitter:label2\" content=\"Tiempo de lectura\">\n\t<meta name=\"twitter:data2\" content=\"0 minutos\">\n<script type=\"application\/ld+json\" class=\"yoast-schema-graph\">{\"@context\":\"https:\/\/schema.org\",\"@graph\":[{\"@type\":\"Organization\",\"@id\":\"https:\/\/www.bascaran.com\/autor\/#organization\",\"name\":\"www.bascaran.com\",\"url\":\"https:\/\/www.bascaran.com\/autor\/\",\"sameAs\":[\"https:\/\/www.facebook.com\/bascaranfotografoboda\/\",\"https:\/\/www.instagram.com\/bascaran_fotografos\/\",\"https:\/\/www.youtube.com\/channel\/UCiATmKIXaiESUdOt1-xhIaA\"],\"logo\":{\"@type\":\"ImageObject\",\"@id\":\"https:\/\/www.bascaran.com\/autor\/#logo\",\"inLanguage\":\"es\",\"url\":\"\",\"caption\":\"www.bascaran.com\"},\"image\":{\"@id\":\"https:\/\/www.bascaran.com\/autor\/#logo\"}},{\"@type\":\"WebSite\",\"@id\":\"https:\/\/www.bascaran.com\/autor\/#website\",\"url\":\"https:\/\/www.bascaran.com\/autor\/\",\"name\":\"V&iacute;ctor Bascar&aacute;n\",\"description\":\"Artista visual\",\"publisher\":{\"@id\":\"https:\/\/www.bascaran.com\/autor\/#organization\"},\"potentialAction\":[{\"@type\":\"SearchAction\",\"target\":\"https:\/\/www.bascaran.com\/autor\/?s={search_term_string}\",\"query-input\":\"required name=search_term_string\"}],\"inLanguage\":\"es\"},{\"@type\":\"ImageObject\",\"@id\":\"https:\/\/www.bascaran.com\/autor\/#primaryimage\",\"inLanguage\":\"es\",\"url\":\"https:\/\/www.bascaran.com\/autor\/wp-content\/uploads\/2025\/10\/R8A1695-copia.jpg\",\"width\":1600,\"height\":1067},{\"@type\":\"WebPage\",\"@id\":\"https:\/\/www.bascaran.com\/autor\/#webpage\",\"url\":\"https:\/\/www.bascaran.com\/autor\/\",\"name\":\"V&iacute;ctor Bascar&aacute;n\",\"isPartOf\":{\"@id\":\"https:\/\/www.bascaran.com\/autor\/#website\"},\"primaryImageOfPage\":{\"@id\":\"https:\/\/www.bascaran.com\/autor\/#primaryimage\"},\"datePublished\":\"2018-01-20T19:59:17+00:00\",\"dateModified\":\"2025-10-24T11:42:49+00:00\",\"description\":\"Artista visual multidisciplinar. Su obra explora luz, espacio y pensamiento en un di\\u00e1logo entre arte, arquitectura y emoci\\u00f3n.\",\"inLanguage\":\"es\",\"potentialAction\":[{\"@type\":\"ReadAction\",\"target\":[\"https:\/\/www.bascaran.com\/autor\/\"]}]}]}<\/script>\n<!-- \/ Yoast SEO plugin. -->","_links":{"self":[{"href":"https:\/\/www.bascaran.com\/autor\/wp-json\/wp\/v2\/pages\/156","targetHints":{"allow":["GET"]}}],"collection":[{"href":"https:\/\/www.bascaran.com\/autor\/wp-json\/wp\/v2\/pages"}],"about":[{"href":"https:\/\/www.bascaran.com\/autor\/wp-json\/wp\/v2\/types\/page"}],"author":[{"embeddable":true,"href":"https:\/\/www.bascaran.com\/autor\/wp-json\/wp\/v2\/users\/1"}],"replies":[{"embeddable":true,"href":"https:\/\/www.bascaran.com\/autor\/wp-json\/wp\/v2\/comments?post=156"}],"version-history":[{"count":284,"href":"https:\/\/www.bascaran.com\/autor\/wp-json\/wp\/v2\/pages\/156\/revisions"}],"predecessor-version":[{"id":4586,"href":"https:\/\/www.bascaran.com\/autor\/wp-json\/wp\/v2\/pages\/156\/revisions\/4586"}],"wp:featuredmedia":[{"embeddable":true,"href":"https:\/\/www.bascaran.com\/autor\/wp-json\/wp\/v2\/media\/4561"}],"wp:attachment":[{"href":"https:\/\/www.bascaran.com\/autor\/wp-json\/wp\/v2\/media?parent=156"}],"curies":[{"name":"wp","href":"https:\/\/api.w.org\/{rel}","templated":true}]}}