{"id":18,"date":"2020-05-21T21:53:43","date_gmt":"2020-05-21T21:53:43","guid":{"rendered":"https:\/\/www.bascaran.com\/100clientes.com\/bocaaboca\/contacto\/"},"modified":"2020-05-21T21:53:43","modified_gmt":"2020-05-21T21:53:43","slug":"contacto","status":"publish","type":"page","link":"https:\/\/www.bascaran.com\/100clientes.com\/bocaaboca\/contacto\/","title":{"rendered":"Contacto"},"content":{"rendered":"\r\n<h2 class=\"has-text-align-center wp-block-heading\">\u201cAgr\u00e9gale algo de Sal\u201d<\/h2>\r\n\r\n\r\n\r\n<p class=\"has-text-align-center\">Las reservas est\u00e1n disponibles despu\u00e9s del mediod\u00eda y aparecen en nuestro formulario de contacto que se muestra a continuaci\u00f3n, o telef\u00f3nicamente con 14 de anticipaci\u00f3n a las 12:00 a. m. Las reservas est\u00e1n disponibles para grupos de uno a cuatro.<\/p>\r\n\r\n\r\n\r\n<ul class=\"wp-block-gallery alignfull columns-3 is-cropped wp-block-gallery-1 is-layout-flex wp-block-gallery-is-layout-flex\"><li class=\"blocks-gallery-item\"><figure><img decoding=\"async\" src=\"https:\/\/www.bascaran.com\/100clientes.com\/bocaaboca\/wp-content\/uploads\/2020\/05\/contact-image-1.jpg\" alt=\"Descripci\u00f3n de la imagen\" data-id=\"10\" data-link=\"https:\/\/www.bascaran.com\/100clientes.com\/bocaaboca\/contact-image-1\/\" class=\"wp-image-10\"\/><\/figure><\/li><li class=\"blocks-gallery-item\"><figure><img decoding=\"async\" src=\"https:\/\/www.bascaran.com\/100clientes.com\/bocaaboca\/wp-content\/uploads\/2020\/05\/contact-image-2.jpg\" alt=\"Descripci\u00f3n de la imagen\" data-id=\"11\" data-link=\"https:\/\/www.bascaran.com\/100clientes.com\/bocaaboca\/contact-image-2\/\" class=\"wp-image-11\"\/><\/figure><\/li><li class=\"blocks-gallery-item\"><figure><img decoding=\"async\" src=\"https:\/\/www.bascaran.com\/100clientes.com\/bocaaboca\/wp-content\/uploads\/2020\/05\/contact-image-3.jpg\" alt=\"Descripci\u00f3n de la imagen\" data-id=\"12\" data-link=\"https:\/\/www.bascaran.com\/100clientes.com\/bocaaboca\/contact-image-3\/\" class=\"wp-image-12\"\/><\/figure><\/li><\/ul>\r\n\r\n\r\n\r\n<h3 class=\"has-text-align-center wp-block-heading\">Ponte en contacto con nosotros<\/h3>\r\n\r\n\r\n\r\n<p class=\"has-text-align-center\">Para tener los mejores asientos en el local, reserva y confirma tus reservas lo antes posible. No te pierdas las mejores vistas.<\/p>\r\n\r\n\r\n\n\t\t<div class=\"coblocks-form\" id=\"12a793f8152ad298eae763fa4f6ddd02f2efb334\">\n\n\t\t\t\n\t\t\t<form action=\"https:\/\/www.bascaran.com\/100clientes.com\/bocaaboca\/contacto\/#12a793f8152ad298eae763fa4f6ddd02f2efb334\" method=\"post\">\n\t\t\t\t\r\n<label for=\"nombre\" class=\"coblocks-label\">Nombre<\/label>\n\t\t<input type=\"hidden\" name=\"field-nombre[label]\" value=\"Nombre\">\n\n\t\t\t\t<input type=\"hidden\" id=\"name-field-id\" name=\"name-field-id\" class=\"coblocks-name-field-id\" value=\"field-nombre\" \/>\n\t\t\n\t\t<input type=\"text\" id=\"nombre\" name=\"field-nombre[value]\" class=\"coblocks-field coblocks-field--name\"  \/>\n\n\t\t\r\n\r\n<label for=\"correo-electronico\" class=\"coblocks-label\">Correo electr\u00f3nico <span class=\"required\">&#042;<\/span><\/label>\n\t\t<input type=\"hidden\" name=\"field-correo-electronico[label]\" value=\"Correo electr\u00f3nico\">\n\n\t\t\n\t\t<input type=\"hidden\" id=\"email-field-id\" name=\"email-field-id\" class=\"coblocks-email-field-id\" value=\"field-correo-electronico\" \/>\n\t\t<input type=\"email\" id=\"correo-electronico\" name=\"field-correo-electronico[value]\" class=\"coblocks-field coblocks-field--email\" required \/>\n\n\t\t\r\n\r\n<label for=\"dates-and-party-count\" class=\"coblocks-label\">Dates and party count <span class=\"required\">&#042;<\/span><\/label>\n\t\t<input type=\"hidden\" name=\"field-dates-and-party-count[label]\" value=\"Dates and party count\">\n\n\t\t\n\t\t<textarea name=\"field-dates-and-party-count[value]\" id=\"dates-and-party-count\" class=\"coblocks-field coblocks-textarea\" rows=\"20\" required><\/textarea>\n\n\t\t\r\n\n\t\t<div class=\"coblocks-form__submit wp-block-button\">\n\t\t\t<button type=\"submit\" class=\"wp-block-button__link\" style=\"\">Comun\u00edcate con nosotros<\/button>\n\t\t\t<input type=\"hidden\" id=\"form-submit\" name=\"form-submit\" value=\"c17730ecc1\" \/><input type=\"hidden\" name=\"_wp_http_referer\" value=\"\/100clientes.com\/bocaaboca\/wp-json\/wp\/v2\/pages\/18\" \/>\t\t\t<input type=\"hidden\" name=\"action\" value=\"coblocks-form-submit\">\n\n\t\t\t\t\t<\/div>\n\n\t\t\n\t\t\t\t<input class=\"coblocks-field verify\" type=\"email\" name=\"coblocks-verify-email\" autocomplete=\"off\" placeholder=\"Correo electr\u00f3nico\" tabindex=\"-1\">\n\t\t\t\t<input type=\"hidden\" name=\"form-hash\" value=\"12a793f8152ad298eae763fa4f6ddd02f2efb334\">\n\n\t\t\t\t\t\t\t<\/form>\n\n\t\t<\/div>\n\n\t\t\r\n\r\n\r\n<figure class=\"wp-block-image alignfull size-large is-style-top-wave\"><img decoding=\"async\" src=\"https:\/\/www.bascaran.com\/100clientes.com\/bocaaboca\/wp-content\/uploads\/2020\/05\/footer-image-1.jpg\" alt=\"Descripci\u00f3n de la imagen\" class=\"wp-image-13\"\/><\/figure>\r\n","protected":false},"excerpt":{"rendered":"<p>\u201cAgr\u00e9gale algo de Sal\u201d Las reservas est\u00e1n disponibles despu\u00e9s del mediod\u00eda y aparecen en nuestro formulario de contacto que se muestra a continuaci\u00f3n, o telef\u00f3nicamente con 14 de anticipaci\u00f3n a las 12:00 a. m. Las reservas est\u00e1n disponibles para grupos de uno a cuatro. Ponte en contacto con nosotros Para tener los mejores asientos en [&hellip;]<\/p>\n","protected":false},"author":1,"featured_media":0,"parent":0,"menu_order":0,"comment_status":"closed","ping_status":"closed","template":"","meta":{"_coblocks_attr":"","_coblocks_dimensions":"","_coblocks_responsive_height":"","_coblocks_accordion_ie_support":"","site-sidebar-layout":"default","site-content-layout":"","ast-site-content-layout":"default","site-content-style":"default","site-sidebar-style":"default","ast-global-header-display":"","ast-banner-title-visibility":"","ast-main-header-display":"","ast-hfb-above-header-display":"","ast-hfb-below-header-display":"","ast-hfb-mobile-header-display":"","site-post-title":"","ast-breadcrumbs-content":"","ast-featured-img":"","footer-sml-layout":"","ast-disable-related-posts":"","theme-transparent-header-meta":"","adv-header-id-meta":"","stick-header-meta":"","header-above-stick-meta":"","header-main-stick-meta":"","header-below-stick-meta":"","astra-migrate-meta-layouts":"default","ast-page-background-enabled":"default","ast-page-background-meta":{"desktop":{"background-color":"var(--ast-global-color-4)","background-image":"","background-repeat":"repeat","background-position":"center center","background-size":"auto","background-attachment":"scroll","background-type":"","background-media":"","overlay-type":"","overlay-color":"","overlay-opacity":"","overlay-gradient":""},"tablet":{"background-color":"","background-image":"","background-repeat":"repeat","background-position":"center center","background-size":"auto","background-attachment":"scroll","background-type":"","background-media":"","overlay-type":"","overlay-color":"","overlay-opacity":"","overlay-gradient":""},"mobile":{"background-color":"","background-image":"","background-repeat":"repeat","background-position":"center center","background-size":"auto","background-attachment":"scroll","background-type":"","background-media":"","overlay-type":"","overlay-color":"","overlay-opacity":"","overlay-gradient":""}},"ast-content-background-meta":{"desktop":{"background-color":"var(--ast-global-color-5)","background-image":"","background-repeat":"repeat","background-position":"center center","background-size":"auto","background-attachment":"scroll","background-type":"","background-media":"","overlay-type":"","overlay-color":"","overlay-opacity":"","overlay-gradient":""},"tablet":{"background-color":"var(--ast-global-color-5)","background-image":"","background-repeat":"repeat","background-position":"center center","background-size":"auto","background-attachment":"scroll","background-type":"","background-media":"","overlay-type":"","overlay-color":"","overlay-opacity":"","overlay-gradient":""},"mobile":{"background-color":"var(--ast-global-color-5)","background-image":"","background-repeat":"repeat","background-position":"center center","background-size":"auto","background-attachment":"scroll","background-type":"","background-media":"","overlay-type":"","overlay-color":"","overlay-opacity":"","overlay-gradient":""}},"footnotes":""},"class_list":["post-18","page","type-page","status-publish","hentry"],"_links":{"self":[{"href":"https:\/\/www.bascaran.com\/100clientes.com\/bocaaboca\/wp-json\/wp\/v2\/pages\/18","targetHints":{"allow":["GET"]}}],"collection":[{"href":"https:\/\/www.bascaran.com\/100clientes.com\/bocaaboca\/wp-json\/wp\/v2\/pages"}],"about":[{"href":"https:\/\/www.bascaran.com\/100clientes.com\/bocaaboca\/wp-json\/wp\/v2\/types\/page"}],"author":[{"embeddable":true,"href":"https:\/\/www.bascaran.com\/100clientes.com\/bocaaboca\/wp-json\/wp\/v2\/users\/1"}],"replies":[{"embeddable":true,"href":"https:\/\/www.bascaran.com\/100clientes.com\/bocaaboca\/wp-json\/wp\/v2\/comments?post=18"}],"version-history":[{"count":1,"href":"https:\/\/www.bascaran.com\/100clientes.com\/bocaaboca\/wp-json\/wp\/v2\/pages\/18\/revisions"}],"predecessor-version":[{"id":22,"href":"https:\/\/www.bascaran.com\/100clientes.com\/bocaaboca\/wp-json\/wp\/v2\/pages\/18\/revisions\/22"}],"wp:attachment":[{"href":"https:\/\/www.bascaran.com\/100clientes.com\/bocaaboca\/wp-json\/wp\/v2\/media?parent=18"}],"curies":[{"name":"wp","href":"https:\/\/api.w.org\/{rel}","templated":true}]}}