{"id":17,"date":"2020-05-21T21:53:43","date_gmt":"2020-05-21T21:53:43","guid":{"rendered":"https:\/\/www.bascaran.com\/100clientes.com\/bocaaboca\/menu\/"},"modified":"2020-05-22T05:36:04","modified_gmt":"2020-05-22T05:36:04","slug":"carta","status":"publish","type":"page","link":"https:\/\/www.bascaran.com\/100clientes.com\/bocaaboca\/carta\/","title":{"rendered":"Carta de bebidas"},"content":{"rendered":"\n<h2 class=\"has-text-align-center wp-block-heading\">\u201cLas mejores copas\u201d<\/h2>\n\n\n\n<p class=\"has-text-align-center\">Estupenda bebida y un ambiente encantador con un toque de m\u00fasica&#8230;. Boca a Boca Chiva&#8230;<\/p>\n\n\n\n<figure class=\"wp-block-gallery alignwide columns-3 is-cropped wp-block-gallery-1 is-layout-flex wp-block-gallery-is-layout-flex\"><ul class=\"blocks-gallery-grid\"><li class=\"blocks-gallery-item\"><figure><img decoding=\"async\" src=\"https:\/\/www.bascaran.com\/100clientes.com\/bocaaboca\/wp-content\/uploads\/2020\/05\/menu-image-2-1024x683.jpg\" alt=\"\" data-id=\"8\" data-full-url=\"https:\/\/www.bascaran.com\/100clientes.com\/bocaaboca\/wp-content\/uploads\/2020\/05\/menu-image-2.jpg\" data-link=\"https:\/\/www.bascaran.com\/100clientes.com\/bocaaboca\/menu-image-2\/\" class=\"wp-image-8\"\/><\/figure><\/li><li class=\"blocks-gallery-item\"><figure><img decoding=\"async\" src=\"https:\/\/www.bascaran.com\/100clientes.com\/bocaaboca\/wp-content\/uploads\/2020\/05\/menu-image-1-1024x683.jpg\" alt=\"\" data-id=\"7\" data-full-url=\"https:\/\/www.bascaran.com\/100clientes.com\/bocaaboca\/wp-content\/uploads\/2020\/05\/menu-image-1.jpg\" data-link=\"https:\/\/www.bascaran.com\/100clientes.com\/bocaaboca\/menu-image-1\/\" class=\"wp-image-7\"\/><\/figure><\/li><li class=\"blocks-gallery-item\"><figure><img decoding=\"async\" src=\"https:\/\/www.bascaran.com\/100clientes.com\/bocaaboca\/wp-content\/uploads\/2020\/05\/menu-image-3-1024x576.jpg\" alt=\"\" data-id=\"9\" data-full-url=\"https:\/\/www.bascaran.com\/100clientes.com\/bocaaboca\/wp-content\/uploads\/2020\/05\/menu-image-3.jpg\" data-link=\"https:\/\/www.bascaran.com\/100clientes.com\/bocaaboca\/menu-image-3\/\" class=\"wp-image-9\"\/><\/figure><\/li><\/ul><\/figure>\n\n\n\n<div class=\"wp-block-coblocks-food-and-drinks has-columns has-responsive-columns has-2-columns has-medium-gutter is-style-grid\" data-columns=\"2\" itemscope itemtype=\"http:\/\/schema.org\/Menu\">\n<h3 class=\"has-text-align-center wp-block-heading\">Barra de mariscos crudos<\/h3>\n\n\n\n<div class=\"wp-block-coblocks-food-item\" itemscope itemtype=\"http:\/\/schema.org\/MenuItem\"><div class=\"wp-block-coblocks-food-item__content\"><div class=\"wp-block-coblocks-food-item__heading-wrapper\"><h4 class=\"wp-block-coblocks-food-item__heading\" itemprop=\"name\">Ceviche<\/h4><div class=\"wp-block-coblocks-food-item__attributes\"><span class=\"wp-block-coblocks-food-item__attribute wp-block-coblocks-food-item__attribute--pescatarian hint--top\" aria-label=\"Pescetariano\"><span class=\"wp-block-coblocks-food-item__icon\"><\/span><\/span><\/div><\/div><p class=\"wp-block-coblocks-food-item__description\" itemprop=\"description\">Selecci\u00f3n de pescados y mariscos marinados en jugo de lima, cilantro, jalape\u00f1o y ajo<\/p><p class=\"wp-block-coblocks-food-item__price\" itemprop=\"offers\" itemscope itemtype=\"http:\/\/schema.org\/Offer\"><span itemprop=\"price\">$10<\/span><\/p><\/div><\/div>\n\n\n\n<div class=\"wp-block-coblocks-food-item\" itemscope itemtype=\"http:\/\/schema.org\/MenuItem\"><div class=\"wp-block-coblocks-food-item__content\"><div class=\"wp-block-coblocks-food-item__heading-wrapper\"><h4 class=\"wp-block-coblocks-food-item__heading\" itemprop=\"name\">At\u00fan TarTarE<\/h4><\/div><p class=\"wp-block-coblocks-food-item__description\" itemprop=\"description\">At\u00fan de grado sushi, jalape\u00f1o, chalote, r\u00e1bano picante, aceite de oliva extra virgen, tomate, hierbas y lim\u00f3n<\/p><p class=\"wp-block-coblocks-food-item__price\" itemprop=\"offers\" itemscope itemtype=\"http:\/\/schema.org\/Offer\"><span itemprop=\"price\">$30<\/span><\/p><\/div><\/div>\n\n\n\n<div class=\"wp-block-coblocks-food-item\" itemscope itemtype=\"http:\/\/schema.org\/MenuItem\"><div class=\"wp-block-coblocks-food-item__content\"><div class=\"wp-block-coblocks-food-item__heading-wrapper\"><h4 class=\"wp-block-coblocks-food-item__heading\" itemprop=\"name\">Salm\u00f3n<\/h4><\/div><p class=\"wp-block-coblocks-food-item__description\" itemprop=\"description\">Salm\u00f3n ahumado y mariscos marinados en jugo de lima, cilantro, jalape\u00f1o y ajo<\/p><p class=\"wp-block-coblocks-food-item__price\" itemprop=\"offers\" itemscope itemtype=\"http:\/\/schema.org\/Offer\"><span itemprop=\"price\">$10<\/span><\/p><\/div><\/div>\n\n\n\n<div class=\"wp-block-coblocks-food-item\" itemscope itemtype=\"http:\/\/schema.org\/MenuItem\"><div class=\"wp-block-coblocks-food-item__content\"><div class=\"wp-block-coblocks-food-item__heading-wrapper\"><h4 class=\"wp-block-coblocks-food-item__heading\" itemprop=\"name\">Ostras<\/h4><\/div><p class=\"wp-block-coblocks-food-item__description\" itemprop=\"description\">Ostras con pescado y mariscos marinados en jugo de lima, cilantro, jalape\u00f1o y ajo<\/p><p class=\"wp-block-coblocks-food-item__price\" itemprop=\"offers\" itemscope itemtype=\"http:\/\/schema.org\/Offer\"><span itemprop=\"price\">$30<\/span><\/p><\/div><\/div>\n\n\n\n<div class=\"wp-block-coblocks-food-item\" itemscope itemtype=\"http:\/\/schema.org\/Men\u00faItem\"><div class=\"wp-block-coblocks-food-item__content\"><div class=\"wp-block-coblocks-food-item__heading-wrapper\"><h4 class=\"wp-block-coblocks-food-item__heading\" itemprop=\"name\">Torta de frambuesa<\/h4><\/div><p class=\"wp-block-coblocks-food-item__description\" itemprop=\"description\">Torta amarilla con cobertura blanca, coronada con frambuesas frescas<\/p><p class=\"wp-block-coblocks-food-item__price\" itemprop=\"offers\" itemscope itemtype=\"http:\/\/schema.org\/Offer\"><span itemprop=\"price\">$20<\/span><\/p><\/div><\/div>\n\n\n\n<div class=\"wp-block-coblocks-food-item\" itemscope itemtype=\"http:\/\/schema.org\/Men\u00faItem\"><div class=\"wp-block-coblocks-food-item__content\"><div class=\"wp-block-coblocks-food-item__heading-wrapper\"><h4 class=\"wp-block-coblocks-food-item__heading\" itemprop=\"name\">Mantequilla al lim\u00f3n<\/h4><\/div><p class=\"wp-block-coblocks-food-item__description\" itemprop=\"description\">Una versi\u00f3n moderna de un cl\u00e1sico de todos los tiempos, coronado con cuajada fresca de lim\u00f3n<\/p><p class=\"wp-block-coblocks-food-item__price\" itemprop=\"offers\" itemscope itemtype=\"http:\/\/schema.org\/Offer\"><span itemprop=\"price\">$20<\/span><\/p><\/div><\/div>\n\n\n<\/div>\n\n\n\n<div class=\"wp-block-coblocks-food-and-drinks has-columns has-responsive-columns has-2-columns has-medium-gutter is-style-grid\" data-columns=\"2\" itemscope itemtype=\"http:\/\/schema.org\/Menu\">\n<h3 class=\"has-text-align-center wp-block-heading\">Cl\u00e1sicos de Sal<\/h3>\n\n\n\n<div class=\"wp-block-coblocks-food-item\" itemscope itemtype=\"http:\/\/schema.org\/MenuItem\"><div class=\"wp-block-coblocks-food-item__content\"><div class=\"wp-block-coblocks-food-item__heading-wrapper\"><h4 class=\"wp-block-coblocks-food-item__heading\" itemprop=\"name\">Pez espada a la parrilla<\/h4><\/div><p class=\"wp-block-coblocks-food-item__description\" itemprop=\"description\">Quimbomb\u00f3 frito, Espinacas saltadas con ma\u00edz, Puerro y Pierna de jam\u00f3n bisqu\u00e9<\/p><p class=\"wp-block-coblocks-food-item__price\" itemprop=\"offers\" itemscope itemtype=\"http:\/\/schema.org\/Offer\"><span itemprop=\"price\">$30<\/span><\/p><\/div><\/div>\n\n\n\n<div class=\"wp-block-coblocks-food-item\" itemscope itemtype=\"http:\/\/schema.org\/MenuItem\"><div class=\"wp-block-coblocks-food-item__content\"><div class=\"wp-block-coblocks-food-item__heading-wrapper\"><h4 class=\"wp-block-coblocks-food-item__heading\" itemprop=\"name\">Vieiras<\/h4><\/div><p class=\"wp-block-coblocks-food-item__description\" itemprop=\"description\">Pur\u00e9 de papas frito, Hojas de temporada, Toronja, Soja, Jengibe, Vinagreta<\/p><p class=\"wp-block-coblocks-food-item__price\" itemprop=\"offers\" itemscope itemtype=\"http:\/\/schema.org\/Offer\"><span itemprop=\"price\">$30<\/span><\/p><\/div><\/div>\n\n\n\n<div class=\"wp-block-coblocks-food-item\" itemscope itemtype=\"http:\/\/schema.org\/MenuItem\"><div class=\"wp-block-coblocks-food-item__content\"><div class=\"wp-block-coblocks-food-item__heading-wrapper\"><h4 class=\"wp-block-coblocks-food-item__heading\" itemprop=\"name\">Camarones y s\u00e9mola<\/h4><div class=\"wp-block-coblocks-food-item__attributes\"><span class=\"wp-block-coblocks-food-item__attribute wp-block-coblocks-food-item__attribute--spicy hint--top\" aria-label=\"Picante\"><span class=\"wp-block-coblocks-food-item__icon\"><\/span><\/span><\/div><\/div><p class=\"wp-block-coblocks-food-item__description\" itemprop=\"description\">Camarones salteados con salchicha ahumada, tomate, ajo, perejil y mantequilla<\/p><p class=\"wp-block-coblocks-food-item__price\" itemprop=\"offers\" itemscope itemtype=\"http:\/\/schema.org\/Offer\"><span itemprop=\"price\">$30<\/span><\/p><\/div><\/div>\n\n\n\n<div class=\"wp-block-coblocks-food-item\" itemscope itemtype=\"http:\/\/schema.org\/MenuItem\"><div class=\"wp-block-coblocks-food-item__content\"><div class=\"wp-block-coblocks-food-item__heading-wrapper\"><h4 class=\"wp-block-coblocks-food-item__heading\" itemprop=\"name\">Langosta de Maine<\/h4><\/div><p class=\"wp-block-coblocks-food-item__description\" itemprop=\"description\">Excelente, langosta hervida, nunca congelada, ba\u00f1ada en lim\u00f3n y mantequilla derretida<\/p><p class=\"wp-block-coblocks-food-item__price\" itemprop=\"offers\" itemscope itemtype=\"http:\/\/schema.org\/Offer\"><span itemprop=\"price\">Precio de mercado<\/span><\/p><\/div><\/div>\n\n\n<\/div>\n\n\n\n<figure class=\"wp-block-image size-large\"><img loading=\"lazy\" decoding=\"async\" width=\"1024\" height=\"1024\" src=\"https:\/\/www.bascaran.com\/100clientes.com\/bocaaboca\/wp-content\/uploads\/2020\/05\/logo_BD-1024x1024.png\" alt=\"\" class=\"wp-image-116\" srcset=\"https:\/\/www.bascaran.com\/100clientes.com\/bocaaboca\/wp-content\/uploads\/2020\/05\/logo_BD-1024x1024.png 1024w, https:\/\/www.bascaran.com\/100clientes.com\/bocaaboca\/wp-content\/uploads\/2020\/05\/logo_BD-300x300.png 300w, https:\/\/www.bascaran.com\/100clientes.com\/bocaaboca\/wp-content\/uploads\/2020\/05\/logo_BD-100x100.png 100w, https:\/\/www.bascaran.com\/100clientes.com\/bocaaboca\/wp-content\/uploads\/2020\/05\/logo_BD-150x150.png 150w, https:\/\/www.bascaran.com\/100clientes.com\/bocaaboca\/wp-content\/uploads\/2020\/05\/logo_BD-768x768.png 768w, https:\/\/www.bascaran.com\/100clientes.com\/bocaaboca\/wp-content\/uploads\/2020\/05\/logo_BD-1536x1536.png 1536w, https:\/\/www.bascaran.com\/100clientes.com\/bocaaboca\/wp-content\/uploads\/2020\/05\/logo_BD.png 1600w\" sizes=\"auto, (max-width: 1024px) 100vw, 1024px\" \/><\/figure>\n\n\n\n<figure class=\"wp-block-image alignfull size-large is-style-top-wave\"><img decoding=\"async\" src=\"https:\/\/www.bascaran.com\/100clientes.com\/bocaaboca\/wp-content\/uploads\/2020\/05\/footer-image-1.jpg\" alt=\"Descripci\u00f3n de la imagen\" class=\"wp-image-13\"\/><\/figure>\n","protected":false},"excerpt":{"rendered":"<p>\u201cLas mejores copas\u201d Estupenda bebida y un ambiente encantador con un toque de m\u00fasica&#8230;. Boca a Boca Chiva&#8230;<\/p>\n","protected":false},"author":1,"featured_media":0,"parent":0,"menu_order":0,"comment_status":"closed","ping_status":"closed","template":"","meta":{"_coblocks_attr":"","_coblocks_dimensions":"","_coblocks_responsive_height":"","_coblocks_accordion_ie_support":"","site-sidebar-layout":"default","site-content-layout":"","ast-site-content-layout":"default","site-content-style":"default","site-sidebar-style":"default","ast-global-header-display":"","ast-banner-title-visibility":"","ast-main-header-display":"","ast-hfb-above-header-display":"","ast-hfb-below-header-display":"","ast-hfb-mobile-header-display":"","site-post-title":"","ast-breadcrumbs-content":"","ast-featured-img":"","footer-sml-layout":"","ast-disable-related-posts":"","theme-transparent-header-meta":"","adv-header-id-meta":"","stick-header-meta":"","header-above-stick-meta":"","header-main-stick-meta":"","header-below-stick-meta":"","astra-migrate-meta-layouts":"default","ast-page-background-enabled":"default","ast-page-background-meta":{"desktop":{"background-color":"var(--ast-global-color-4)","background-image":"","background-repeat":"repeat","background-position":"center center","background-size":"auto","background-attachment":"scroll","background-type":"","background-media":"","overlay-type":"","overlay-color":"","overlay-opacity":"","overlay-gradient":""},"tablet":{"background-color":"","background-image":"","background-repeat":"repeat","background-position":"center center","background-size":"auto","background-attachment":"scroll","background-type":"","background-media":"","overlay-type":"","overlay-color":"","overlay-opacity":"","overlay-gradient":""},"mobile":{"background-color":"","background-image":"","background-repeat":"repeat","background-position":"center center","background-size":"auto","background-attachment":"scroll","background-type":"","background-media":"","overlay-type":"","overlay-color":"","overlay-opacity":"","overlay-gradient":""}},"ast-content-background-meta":{"desktop":{"background-color":"var(--ast-global-color-5)","background-image":"","background-repeat":"repeat","background-position":"center center","background-size":"auto","background-attachment":"scroll","background-type":"","background-media":"","overlay-type":"","overlay-color":"","overlay-opacity":"","overlay-gradient":""},"tablet":{"background-color":"var(--ast-global-color-5)","background-image":"","background-repeat":"repeat","background-position":"center center","background-size":"auto","background-attachment":"scroll","background-type":"","background-media":"","overlay-type":"","overlay-color":"","overlay-opacity":"","overlay-gradient":""},"mobile":{"background-color":"var(--ast-global-color-5)","background-image":"","background-repeat":"repeat","background-position":"center center","background-size":"auto","background-attachment":"scroll","background-type":"","background-media":"","overlay-type":"","overlay-color":"","overlay-opacity":"","overlay-gradient":""}},"footnotes":""},"class_list":["post-17","page","type-page","status-publish","hentry"],"_links":{"self":[{"href":"https:\/\/www.bascaran.com\/100clientes.com\/bocaaboca\/wp-json\/wp\/v2\/pages\/17","targetHints":{"allow":["GET"]}}],"collection":[{"href":"https:\/\/www.bascaran.com\/100clientes.com\/bocaaboca\/wp-json\/wp\/v2\/pages"}],"about":[{"href":"https:\/\/www.bascaran.com\/100clientes.com\/bocaaboca\/wp-json\/wp\/v2\/types\/page"}],"author":[{"embeddable":true,"href":"https:\/\/www.bascaran.com\/100clientes.com\/bocaaboca\/wp-json\/wp\/v2\/users\/1"}],"replies":[{"embeddable":true,"href":"https:\/\/www.bascaran.com\/100clientes.com\/bocaaboca\/wp-json\/wp\/v2\/comments?post=17"}],"version-history":[{"count":7,"href":"https:\/\/www.bascaran.com\/100clientes.com\/bocaaboca\/wp-json\/wp\/v2\/pages\/17\/revisions"}],"predecessor-version":[{"id":119,"href":"https:\/\/www.bascaran.com\/100clientes.com\/bocaaboca\/wp-json\/wp\/v2\/pages\/17\/revisions\/119"}],"wp:attachment":[{"href":"https:\/\/www.bascaran.com\/100clientes.com\/bocaaboca\/wp-json\/wp\/v2\/media?parent=17"}],"curies":[{"name":"wp","href":"https:\/\/api.w.org\/{rel}","templated":true}]}}