{"id":14,"date":"2020-05-21T21:53:43","date_gmt":"2020-05-21T21:53:43","guid":{"rendered":"https:\/\/www.bascaran.com\/100clientes.com\/bocaaboca\/inicio\/"},"modified":"2020-06-04T12:31:27","modified_gmt":"2020-06-04T10:31:27","slug":"inicio","status":"publish","type":"page","link":"https:\/\/www.bascaran.com\/100clientes.com\/bocaaboca\/","title":{"rendered":"Inicio"},"content":{"rendered":"\n<div style=\"height:78px\" aria-hidden=\"true\" class=\"wp-block-spacer\"><\/div>\n\n\n\n<figure class=\"wp-block-image alignfull size-full is-style-top-wave\"><img loading=\"lazy\" decoding=\"async\" width=\"2500\" height=\"1404\" src=\"https:\/\/www.bascaran.com\/100clientes.com\/bocaaboca\/wp-content\/uploads\/2020\/05\/MG_1872_02.jpg\" alt=\"\" class=\"wp-image-57\" srcset=\"https:\/\/www.bascaran.com\/100clientes.com\/bocaaboca\/wp-content\/uploads\/2020\/05\/MG_1872_02.jpg 2500w, https:\/\/www.bascaran.com\/100clientes.com\/bocaaboca\/wp-content\/uploads\/2020\/05\/MG_1872_02-300x168.jpg 300w, https:\/\/www.bascaran.com\/100clientes.com\/bocaaboca\/wp-content\/uploads\/2020\/05\/MG_1872_02-1024x575.jpg 1024w, https:\/\/www.bascaran.com\/100clientes.com\/bocaaboca\/wp-content\/uploads\/2020\/05\/MG_1872_02-768x431.jpg 768w, https:\/\/www.bascaran.com\/100clientes.com\/bocaaboca\/wp-content\/uploads\/2020\/05\/MG_1872_02-1536x863.jpg 1536w, https:\/\/www.bascaran.com\/100clientes.com\/bocaaboca\/wp-content\/uploads\/2020\/05\/MG_1872_02-2048x1150.jpg 2048w\" sizes=\"auto, (max-width: 2500px) 100vw, 2500px\" \/><\/figure>\n\n\n\n<div style=\"height:43px\" aria-hidden=\"true\" class=\"wp-block-spacer\"><\/div>\n\n\n\n<div style=\"height:41px\" aria-hidden=\"true\" class=\"wp-block-spacer\"><\/div>\n\n\n\n<div class=\"wp-block-coblocks-icon has-text-align-center\"><div class=\"wp-block-coblocks-icon__inner\" style=\"height:110px;width:110px\"><svg viewbox=\"0 0 20 20\" xmlns=\"http:\/\/www.w3.org\/2000\/svg\" role=\"img\" aria-hidden=\"true\" focusable=\"false\"><path d=\"m15.8333333 0h-11.66666663c-1.15 0-2.08333334.93333333-2.08333334 2.08333333v15.83333337c0 1.15.93333334 2.0833333 2.08333334 2.0833333h11.66666663c1.15 0 2.0833334-.9333333 2.0833334-2.0833333v-15.83333337c0-1.15-.9333334-2.08333333-2.0833334-2.08333333zm-5.8333333 19.1666667c-.69166667 0-1.25-.5583334-1.25-1.25 0-.6916667.55833333-1.25 1.25-1.25.6916667 0 1.25.5583333 1.25 1.25 0 .6916666-.5583333 1.25-1.25 1.25zm6.25-3.3333334h-12.5v-13.3333333h12.5z\"><\/path><\/svg><\/div><\/div>\n\n\n\n<div style=\"height:20px\" aria-hidden=\"true\" class=\"wp-block-spacer\"><\/div>\n\n\n\n<p style=\"font-size:20px;line-height:1\" class=\"has-text-align-center has-custom-lineheight\"><strong>Pide con el m\u00f3vil.<\/strong> <\/p>\n\n\n\n<p style=\"font-size:20px;line-height:1\" class=\"has-text-align-center has-custom-lineheight\">Haz pedidos si est\u00e1s en el local<\/p>\n\n\n\n<div class=\"wp-block-buttons aligncenter is-layout-flex wp-block-buttons-is-layout-flex\">\n<div class=\"wp-block-button\"><a class=\"wp-block-button__link has-background\" href=\"https:\/\/www.bascaran.com\/100clientes.com\/bocaaboca\/pedidos\/\" style=\"background-color:#c906b6;border-radius:20px\" rel=\"\"> Hacer un pedido<\/a><\/div>\n<\/div>\n\n\n\n<div style=\"height:153px\" aria-hidden=\"true\" class=\"wp-block-spacer\"><\/div>\n\n\n\n<div class=\"wp-block-image\"><figure class=\"aligncenter size-large\"><img loading=\"lazy\" decoding=\"async\" width=\"150\" height=\"150\" src=\"https:\/\/www.bascaran.com\/100clientes.com\/bocaaboca\/wp-content\/uploads\/2020\/05\/logo_boca_150_02.png\" alt=\"\" class=\"wp-image-678\" srcset=\"https:\/\/www.bascaran.com\/100clientes.com\/bocaaboca\/wp-content\/uploads\/2020\/05\/logo_boca_150_02.png 150w, https:\/\/www.bascaran.com\/100clientes.com\/bocaaboca\/wp-content\/uploads\/2020\/05\/logo_boca_150_02-100x100.png 100w\" sizes=\"auto, (max-width: 150px) 100vw, 150px\" \/><\/figure><\/div>\n\n\n\n<p style=\"font-size:20px;line-height:1\" class=\"has-text-align-center has-custom-lineheight\"><strong>Descarga la app<\/strong><\/p>\n\n\n\n<p style=\"font-size:20px;line-height:1\" class=\"has-text-align-center has-custom-lineheight\"><a rel=\"noreferrer noopener\" href=\"https:\/\/play.google.com\/store\/apps\/details?id=com.bascaran.bocaaboca\" target=\"_blank\">App para Android<\/a> <\/p>\n\n\n\n<p style=\"font-size:20px;line-height:1\" class=\"has-text-align-center has-custom-lineheight\">App para iOS (Pr\u00f3ximamente)<\/p>\n\n\n\n<div style=\"height:163px\" aria-hidden=\"true\" class=\"wp-block-spacer\"><\/div>\n\n\n\n<div class=\"wp-block-coblocks-features coblocks-features-818134018140 alignwide\"><div class=\"wp-block-coblocks-features__inner has-columns has-3-columns has-responsive-columns has-large-gutter has-center-content\">\n<div class=\"wp-block-coblocks-feature coblocks-feature-818134018191\"><div class=\"wp-block-coblocks-feature__inner has-no-padding\">\n<div class=\"wp-block-coblocks-icon\"><div class=\"wp-block-coblocks-icon__inner has-text-color has-secondary-color\" style=\"height:120px;width:120px\"><svg viewbox=\"0 0 20 20\" xmlns=\"http:\/\/www.w3.org\/2000\/svg\" role=\"img\" aria-hidden=\"true\" focusable=\"false\"><path d=\"m11.925 1.66666667.3416667 2.06666666c-.7083334-.25833333-1.4666667-.4-2.2666667-.4-.79166667 0-1.55833333.14166667-2.25833333.39166667l.34166666-2.05833333zm.3416667 14.60000003-.3416667 2.0666666h-3.84166667l-.34166666-2.0583333c.7.25 1.46666666.3916667 2.25833333.3916667.8 0 1.5583333-.1416667 2.2666667-.4zm1.0666666-16.2666667h-6.66666663l-.79166667 4.775c-1.55 1.21666667-2.54166667 3.1-2.54166667 5.225s.99166667 4.0083333 2.54166667 5.225l.79166667 4.775h6.66666663l.8-4.775c1.5416667-1.2166667 2.5333334-3.1083333 2.5333334-5.225 0-2.11666667-.9916667-4.00833333-2.5333334-5.225zm-3.3333333 15c-2.75833333 0-5-2.2416667-5-5 0-2.75833333 2.24166667-5 5-5 2.7583333 0 5 2.24166667 5 5 0 2.7583333-2.2416667 5-5 5z\"><\/path><\/svg><\/div><\/div>\n\n\n\n<h4 class=\"wp-block-heading\" style=\"font-size:20px\">Horarios<\/h4>\n\n\n\n<p>De Mar. a Jue. + Dom.: De 18:00 a 1:00<br>Vier. y S\u00e1b.: De 18:00 a 3:30<\/p>\n\n\n\n<div class=\"wp-block-button aligncenter\"><a class=\"wp-block-button__link has-background\" href=\"https:\/\/api.whatsapp.com\/send?phone=34676707765&amp;text=Hola,%20Quer%C3%ADa%20hacer%20una%20reserva\" style=\"background-color:#ce019b;border-radius:20px\" rel=\"https:\/\/api.whatsapp.com\/send?phone=34676707765&amp;text=Hola,%20Quer%C3%ADa%20hacer%20una%20reserva\">Reservas 622 52 18 23<\/a><\/div>\n<\/div><\/div>\n\n\n\n<div class=\"wp-block-coblocks-feature coblocks-feature-818134018197\"><div class=\"wp-block-coblocks-feature__inner has-no-padding\">\n<div class=\"wp-block-coblocks-icon\"><div class=\"wp-block-coblocks-icon__inner has-text-color has-secondary-color\" style=\"height:120px;width:120px\"><svg viewbox=\"0 0 20 20\" xmlns=\"http:\/\/www.w3.org\/2000\/svg\" role=\"img\" aria-hidden=\"true\" focusable=\"false\"><path d=\"m10 5.45454545c1.0090909 0 1.8181818-.81818181 1.8181818-1.81818181 0-.34545455-.0909091-.66363637-.2636363-.93636364l-1.5545455-2.7-1.55454545 2.7c-.17272728.27272727-.26363637.59090909-.26363637.93636364 0 1 .81818182 1.81818181 1.81818182 1.81818181zm4.1818182 9.08181815-.9727273-.9727272-.9818182.9727272c-1.1818182 1.1818182-3.25454543 1.1909091-4.44545452 0l-.97272727-.9727272-.99090909.9727272c-.59090909.5909091-1.38181818.9181819-2.21818182.9181819-.66363636 0-1.27272727-.209091-1.78181818-.5545455v4.1909091c0 .5.40909091.9090909.90909091.9090909h14.54545457c.5 0 .9090909-.4090909.9090909-.9090909v-4.1909091c-.5090909.3454545-1.1181818.5545455-1.7818182.5545455-.8363636 0-1.6272727-.3272728-2.2181818-.9181819zm1.2727273-6.35454542h-4.5454546v-1.81818182h-1.81818181v1.81818182h-4.54545454c-1.50909091 0-2.72727273 1.21818182-2.72727273 2.72727272v1.4c0 .9818182.8 1.7818182 1.78181818 1.7818182.47272727 0 .92727273-.1818182 1.25454545-.5181818l1.94545455-1.9363637 1.93636364 1.9363637c.67272727.6727272 1.84545456.6727272 2.51818186 0l1.9454545-1.9363637 1.9363636 1.9363637c.3363637.3363636.7818182.5181818 1.2545455.5181818.9818182 0 1.7818182-.8 1.7818182-1.7818182v-1.4c.0090909-1.5090909-1.2090909-2.72727272-2.7181818-2.72727272z\"><\/path><\/svg><\/div><\/div>\n\n\n\n<h4 class=\"wp-block-heading\" style=\"font-size:20px\">Celebra tus cumplea\u00f1os<\/h4>\n\n\n\n<p>Reserva con nosotros tu fiesta de cumplea\u00f1os<\/p>\n\n\n\n<div class=\"wp-block-button aligncenter\"><a class=\"wp-block-button__link has-background\" href=\"https:\/\/api.whatsapp.com\/send?phone=34676707765&amp;text=Hola,%20Quer%C3%ADa%20hacer%20una%20reserva\" style=\"background-color:#ce019b;border-radius:20px\" rel=\"\">Reservas 622 52 18 23<\/a><\/div>\n<\/div><\/div>\n\n\n\n<div class=\"wp-block-coblocks-feature coblocks-feature-818134024141\"><div class=\"wp-block-coblocks-feature__inner has-no-padding\">\n<div class=\"wp-block-coblocks-icon\"><div class=\"wp-block-coblocks-icon__inner has-text-color has-secondary-color\" style=\"height:120px;width:120px\"><svg viewbox=\"0 0 20 20\" xmlns=\"http:\/\/www.w3.org\/2000\/svg\" role=\"img\" aria-hidden=\"true\" focusable=\"false\"><path d=\"m10.0384629.01236979c-5.23157899 0-9.47368425 4.24210526-9.47368425 9.47368421v7.3684211c0 1.7473684 1.41052631 3.1578947 3.15789473 3.1578947h3.15789474v-8.4210526h-4.21052632v-2.1052632c0-4.07368421 3.29473685-7.36842105 7.3684211-7.36842105 4.0736842 0 7.368421 3.29473684 7.368421 7.36842105v2.1052632h-4.2105263v8.4210526h3.1578947c1.7473685 0 3.1578948-1.4105263 3.1578948-3.1578947v-7.3684211c0-5.23157895-4.2421053-9.47368421-9.4736842-9.47368421z\" fillrule=\"evenodd\"><\/path><\/svg><\/div><\/div>\n\n\n\n<h4 class=\"wp-block-heading\" style=\"font-size:20px\">Recomendaciones musicales<\/h4>\n\n\n\n<p>Sugerencias y listas de Spotify<\/p>\n\n\n\n<div class=\"wp-block-button\"><a class=\"wp-block-button__link has-background\" href=\"pedirmusica\" style=\"background-color:#ce019b;border-radius:20px\" rel=\"\">Ver Sugerencias<\/a><\/div>\n<\/div><\/div>\n<\/div><\/div>\n\n\n\n<div style=\"height:100px\" aria-hidden=\"true\" class=\"wp-block-spacer\"><\/div>\n\n\n\n<div style=\"height:46px\" aria-hidden=\"true\" class=\"wp-block-spacer\"><\/div>\n\n\n\n<p style=\"font-size:30px;line-height:1\" class=\"has-text-align-center has-custom-lineheight\">PR\u00d3XIMOS EVENTOS<\/p>\n\n\n\n<p class=\"has-text-align-center\">No hay eventos programados.<\/p>\n\n\n\n<div style=\"height:63px\" aria-hidden=\"true\" class=\"wp-block-spacer\"><\/div>\n\n\n\n<p style=\"background-color:#b2028c;font-size:30px;line-height:1\" class=\"has-text-color has-background has-text-align-center has-very-light-gray-color has-custom-lineheight\"><strong>Recordando el 2019<\/strong><\/p>\n\n\n\n<figure class=\"wp-block-embed-vimeo wp-block-embed is-type-video is-provider-vimeo wp-embed-aspect-16-9 wp-has-aspect-ratio\"><div class=\"wp-block-embed__wrapper\">\n<iframe loading=\"lazy\" title=\"Boca a Boca - Fiesta Barbacana\" src=\"https:\/\/player.vimeo.com\/video\/302471611?dnt=1&amp;app_id=122963\" width=\"500\" height=\"281\" frameborder=\"0\" allow=\"autoplay; fullscreen; picture-in-picture; clipboard-write; encrypted-media; web-share\" referrerpolicy=\"strict-origin-when-cross-origin\"><\/iframe>\n<\/div><\/figure>\n\n\n\n<figure class=\"wp-block-gallery columns-2 is-cropped mt-0 wp-block-gallery-1 is-layout-flex wp-block-gallery-is-layout-flex\"><ul class=\"blocks-gallery-grid\"><li class=\"blocks-gallery-item\"><figure><img loading=\"lazy\" decoding=\"async\" width=\"848\" height=\"1200\" src=\"https:\/\/www.bascaran.com\/100clientes.com\/bocaaboca\/wp-content\/uploads\/2020\/05\/CARTEL-CASUAL-SPELLBINDER_MIO.jpg\" alt=\"\" data-id=\"155\" data-full-url=\"https:\/\/www.bascaran.com\/100clientes.com\/bocaaboca\/wp-content\/uploads\/2020\/05\/CARTEL-CASUAL-SPELLBINDER_MIO.jpg\" data-link=\"https:\/\/www.bascaran.com\/100clientes.com\/bocaaboca\/inicio\/cartel-casual-spellbinder_mio\/\" class=\"wp-image-155\" srcset=\"https:\/\/www.bascaran.com\/100clientes.com\/bocaaboca\/wp-content\/uploads\/2020\/05\/CARTEL-CASUAL-SPELLBINDER_MIO.jpg 848w, https:\/\/www.bascaran.com\/100clientes.com\/bocaaboca\/wp-content\/uploads\/2020\/05\/CARTEL-CASUAL-SPELLBINDER_MIO-300x425.jpg 300w, https:\/\/www.bascaran.com\/100clientes.com\/bocaaboca\/wp-content\/uploads\/2020\/05\/CARTEL-CASUAL-SPELLBINDER_MIO-212x300.jpg 212w, https:\/\/www.bascaran.com\/100clientes.com\/bocaaboca\/wp-content\/uploads\/2020\/05\/CARTEL-CASUAL-SPELLBINDER_MIO-724x1024.jpg 724w, https:\/\/www.bascaran.com\/100clientes.com\/bocaaboca\/wp-content\/uploads\/2020\/05\/CARTEL-CASUAL-SPELLBINDER_MIO-768x1087.jpg 768w\" sizes=\"auto, (max-width: 848px) 100vw, 848px\" \/><\/figure><\/li><li class=\"blocks-gallery-item\"><figure><img loading=\"lazy\" decoding=\"async\" width=\"849\" height=\"1200\" src=\"https:\/\/www.bascaran.com\/100clientes.com\/bocaaboca\/wp-content\/uploads\/2020\/05\/Cartel-internet.jpg\" alt=\"\" data-id=\"156\" data-full-url=\"https:\/\/www.bascaran.com\/100clientes.com\/bocaaboca\/wp-content\/uploads\/2020\/05\/Cartel-internet.jpg\" data-link=\"https:\/\/www.bascaran.com\/100clientes.com\/bocaaboca\/inicio\/cartel-internet\/\" class=\"wp-image-156\" srcset=\"https:\/\/www.bascaran.com\/100clientes.com\/bocaaboca\/wp-content\/uploads\/2020\/05\/Cartel-internet.jpg 849w, https:\/\/www.bascaran.com\/100clientes.com\/bocaaboca\/wp-content\/uploads\/2020\/05\/Cartel-internet-300x424.jpg 300w, https:\/\/www.bascaran.com\/100clientes.com\/bocaaboca\/wp-content\/uploads\/2020\/05\/Cartel-internet-212x300.jpg 212w, https:\/\/www.bascaran.com\/100clientes.com\/bocaaboca\/wp-content\/uploads\/2020\/05\/Cartel-internet-724x1024.jpg 724w, https:\/\/www.bascaran.com\/100clientes.com\/bocaaboca\/wp-content\/uploads\/2020\/05\/Cartel-internet-768x1086.jpg 768w\" sizes=\"auto, (max-width: 849px) 100vw, 849px\" \/><\/figure><\/li><\/ul><\/figure>\n\n\n\n<div style=\"height:26px\" aria-hidden=\"true\" class=\"wp-block-spacer\"><\/div>\n\n\n\n<div class=\"wp-block-image\"><figure class=\"aligncenter size-medium is-resized\"><a href=\"http:\/\/www.bascaran.com\/design\"><img loading=\"lazy\" decoding=\"async\" src=\"https:\/\/www.bascaran.com\/100clientes.com\/bocaaboca\/wp-content\/uploads\/2020\/05\/crop-0-0-1600-1600-0-logo_BD.png\" alt=\"\" class=\"wp-image-168\" width=\"300\" height=\"300\" srcset=\"https:\/\/www.bascaran.com\/100clientes.com\/bocaaboca\/wp-content\/uploads\/2020\/05\/crop-0-0-1600-1600-0-logo_BD.png 1600w, https:\/\/www.bascaran.com\/100clientes.com\/bocaaboca\/wp-content\/uploads\/2020\/05\/crop-0-0-1600-1600-0-logo_BD-300x300.png 300w, https:\/\/www.bascaran.com\/100clientes.com\/bocaaboca\/wp-content\/uploads\/2020\/05\/crop-0-0-1600-1600-0-logo_BD-100x100.png 100w, https:\/\/www.bascaran.com\/100clientes.com\/bocaaboca\/wp-content\/uploads\/2020\/05\/crop-0-0-1600-1600-0-logo_BD-1024x1024.png 1024w, https:\/\/www.bascaran.com\/100clientes.com\/bocaaboca\/wp-content\/uploads\/2020\/05\/crop-0-0-1600-1600-0-logo_BD-150x150.png 150w, https:\/\/www.bascaran.com\/100clientes.com\/bocaaboca\/wp-content\/uploads\/2020\/05\/crop-0-0-1600-1600-0-logo_BD-768x768.png 768w, https:\/\/www.bascaran.com\/100clientes.com\/bocaaboca\/wp-content\/uploads\/2020\/05\/crop-0-0-1600-1600-0-logo_BD-1536x1536.png 1536w\" sizes=\"auto, (max-width: 300px) 100vw, 300px\" \/><\/a><figcaption>Dise\u00f1o web y apps<\/figcaption><\/figure><\/div>\n\n\n\n<figure class=\"wp-block-image alignfull size-large is-style-top-wave\"><img loading=\"lazy\" decoding=\"async\" width=\"1024\" height=\"768\" src=\"https:\/\/www.bascaran.com\/100clientes.com\/bocaaboca\/wp-content\/uploads\/2020\/05\/fondo_web-1024x768.jpg\" alt=\"\" class=\"wp-image-146\" srcset=\"https:\/\/www.bascaran.com\/100clientes.com\/bocaaboca\/wp-content\/uploads\/2020\/05\/fondo_web-1024x768.jpg 1024w, https:\/\/www.bascaran.com\/100clientes.com\/bocaaboca\/wp-content\/uploads\/2020\/05\/fondo_web-300x225.jpg 300w, https:\/\/www.bascaran.com\/100clientes.com\/bocaaboca\/wp-content\/uploads\/2020\/05\/fondo_web-768x576.jpg 768w, https:\/\/www.bascaran.com\/100clientes.com\/bocaaboca\/wp-content\/uploads\/2020\/05\/fondo_web-1536x1152.jpg 1536w, https:\/\/www.bascaran.com\/100clientes.com\/bocaaboca\/wp-content\/uploads\/2020\/05\/fondo_web.jpg 1600w\" sizes=\"auto, (max-width: 1024px) 100vw, 1024px\" \/><\/figure>\n","protected":false},"excerpt":{"rendered":"<p>Pide con el m\u00f3vil. Haz pedidos si est\u00e1s en el local Descarga la app App para Android App para iOS (Pr\u00f3ximamente) PR\u00d3XIMOS EVENTOS No hay eventos programados. Recordando el 2019<\/p>\n","protected":false},"author":1,"featured_media":237,"parent":0,"menu_order":0,"comment_status":"closed","ping_status":"closed","template":"","meta":{"_coblocks_attr":"Anton,Asap","_coblocks_dimensions":"","_coblocks_responsive_height":"","_coblocks_accordion_ie_support":"","site-sidebar-layout":"default","site-content-layout":"default","ast-site-content-layout":"default","site-content-style":"default","site-sidebar-style":"default","ast-global-header-display":"","ast-banner-title-visibility":"","ast-main-header-display":"","ast-hfb-above-header-display":"","ast-hfb-below-header-display":"","ast-hfb-mobile-header-display":"","site-post-title":"disabled","ast-breadcrumbs-content":"","ast-featured-img":"disabled","footer-sml-layout":"","ast-disable-related-posts":"","theme-transparent-header-meta":"default","adv-header-id-meta":"","stick-header-meta":"","header-above-stick-meta":"","header-main-stick-meta":"","header-below-stick-meta":"","astra-migrate-meta-layouts":"default","ast-page-background-enabled":"default","ast-page-background-meta":{"desktop":{"background-color":"var(--ast-global-color-4)","background-image":"","background-repeat":"repeat","background-position":"center center","background-size":"auto","background-attachment":"scroll","background-type":"","background-media":"","overlay-type":"","overlay-color":"","overlay-opacity":"","overlay-gradient":""},"tablet":{"background-color":"","background-image":"","background-repeat":"repeat","background-position":"center center","background-size":"auto","background-attachment":"scroll","background-type":"","background-media":"","overlay-type":"","overlay-color":"","overlay-opacity":"","overlay-gradient":""},"mobile":{"background-color":"","background-image":"","background-repeat":"repeat","background-position":"center center","background-size":"auto","background-attachment":"scroll","background-type":"","background-media":"","overlay-type":"","overlay-color":"","overlay-opacity":"","overlay-gradient":""}},"ast-content-background-meta":{"desktop":{"background-color":"var(--ast-global-color-5)","background-image":"","background-repeat":"repeat","background-position":"center center","background-size":"auto","background-attachment":"scroll","background-type":"","background-media":"","overlay-type":"","overlay-color":"","overlay-opacity":"","overlay-gradient":""},"tablet":{"background-color":"var(--ast-global-color-5)","background-image":"","background-repeat":"repeat","background-position":"center center","background-size":"auto","background-attachment":"scroll","background-type":"","background-media":"","overlay-type":"","overlay-color":"","overlay-opacity":"","overlay-gradient":""},"mobile":{"background-color":"var(--ast-global-color-5)","background-image":"","background-repeat":"repeat","background-position":"center center","background-size":"auto","background-attachment":"scroll","background-type":"","background-media":"","overlay-type":"","overlay-color":"","overlay-opacity":"","overlay-gradient":""}},"footnotes":""},"class_list":["post-14","page","type-page","status-publish","has-post-thumbnail","hentry"],"_links":{"self":[{"href":"https:\/\/www.bascaran.com\/100clientes.com\/bocaaboca\/wp-json\/wp\/v2\/pages\/14","targetHints":{"allow":["GET"]}}],"collection":[{"href":"https:\/\/www.bascaran.com\/100clientes.com\/bocaaboca\/wp-json\/wp\/v2\/pages"}],"about":[{"href":"https:\/\/www.bascaran.com\/100clientes.com\/bocaaboca\/wp-json\/wp\/v2\/types\/page"}],"author":[{"embeddable":true,"href":"https:\/\/www.bascaran.com\/100clientes.com\/bocaaboca\/wp-json\/wp\/v2\/users\/1"}],"replies":[{"embeddable":true,"href":"https:\/\/www.bascaran.com\/100clientes.com\/bocaaboca\/wp-json\/wp\/v2\/comments?post=14"}],"version-history":[{"count":103,"href":"https:\/\/www.bascaran.com\/100clientes.com\/bocaaboca\/wp-json\/wp\/v2\/pages\/14\/revisions"}],"predecessor-version":[{"id":1501,"href":"https:\/\/www.bascaran.com\/100clientes.com\/bocaaboca\/wp-json\/wp\/v2\/pages\/14\/revisions\/1501"}],"wp:featuredmedia":[{"embeddable":true,"href":"https:\/\/www.bascaran.com\/100clientes.com\/bocaaboca\/wp-json\/wp\/v2\/media\/237"}],"wp:attachment":[{"href":"https:\/\/www.bascaran.com\/100clientes.com\/bocaaboca\/wp-json\/wp\/v2\/media?parent=14"}],"curies":[{"name":"wp","href":"https:\/\/api.w.org\/{rel}","templated":true}]}}